{"id":6302,"date":"2026-05-12T11:09:16","date_gmt":"2026-05-12T11:09:16","guid":{"rendered":"https:\/\/drinkoteka.cz\/obchod\/produkt\/zichovec-chariot-of-sol-16-pl-05\/"},"modified":"2026-05-12T11:11:39","modified_gmt":"2026-05-12T11:11:39","slug":"zichovec-chariot-of-sol-16-pl-05","status":"publish","type":"product","link":"https:\/\/drinkoteka.cz\/obchod\/produkt\/zichovec-chariot-of-sol-16-pl-05\/","title":{"rendered":"Zichovec Chariot Of S\u00f3l 16 pl. 0,5"},"content":{"rendered":"","protected":false},"excerpt":{"rendered":"<p>\u0160\u0165avnat\u00e1 NEIPA kva\u0161en\u00e1 norsk\u00fdmi kveik kvasnicemi a nadupan\u00e1 pomeran\u010di. Kombinace k\u016fry i \u0161\u0165\u00e1vy se potk\u00e1v\u00e1 s v\u00fdrazn\u00fdm chmelen\u00edm a vytv\u00e1\u0159\u00ed pln\u00fd, lehce rustik\u00e1ln\u00ed profil s dominantn\u00edmi t\u00f3ny pomeran\u010de a citrus\u016f.nAlk. 6,8%<\/p>\n","protected":false},"featured_media":6303,"comment_status":"closed","ping_status":"closed","template":"","meta":{"_uag_custom_page_level_css":"","site-sidebar-layout":"default","site-content-layout":"","ast-site-content-layout":"default","site-content-style":"default","site-sidebar-style":"default","ast-global-header-display":"","ast-banner-title-visibility":"","ast-main-header-display":"","ast-hfb-above-header-display":"","ast-hfb-below-header-display":"","ast-hfb-mobile-header-display":"","site-post-title":"","ast-breadcrumbs-content":"","ast-featured-img":"","footer-sml-layout":"","ast-disable-related-posts":"","theme-transparent-header-meta":"","adv-header-id-meta":"","stick-header-meta":"","header-above-stick-meta":"","header-main-stick-meta":"","header-below-stick-meta":"","astra-migrate-meta-layouts":"default","ast-page-background-enabled":"default","ast-page-background-meta":{"desktop":{"background-color":"var(--ast-global-color-4)","background-image":"","background-repeat":"repeat","background-position":"center center","background-size":"auto","background-attachment":"scroll","background-type":"","background-media":"","overlay-type":"","overlay-color":"","overlay-opacity":"","overlay-gradient":""},"tablet":{"background-color":"","background-image":"","background-repeat":"repeat","background-position":"center center","background-size":"auto","background-attachment":"scroll","background-type":"","background-media":"","overlay-type":"","overlay-color":"","overlay-opacity":"","overlay-gradient":""},"mobile":{"background-color":"","background-image":"","background-repeat":"repeat","background-position":"center center","background-size":"auto","background-attachment":"scroll","background-type":"","background-media":"","overlay-type":"","overlay-color":"","overlay-opacity":"","overlay-gradient":""}},"ast-content-background-meta":{"desktop":{"background-color":"var(--ast-global-color-5)","background-image":"","background-repeat":"repeat","background-position":"center center","background-size":"auto","background-attachment":"scroll","background-type":"","background-media":"","overlay-type":"","overlay-color":"","overlay-opacity":"","overlay-gradient":""},"tablet":{"background-color":"var(--ast-global-color-5)","background-image":"","background-repeat":"repeat","background-position":"center center","background-size":"auto","background-attachment":"scroll","background-type":"","background-media":"","overlay-type":"","overlay-color":"","overlay-opacity":"","overlay-gradient":""},"mobile":{"background-color":"var(--ast-global-color-5)","background-image":"","background-repeat":"repeat","background-position":"center center","background-size":"auto","background-attachment":"scroll","background-type":"","background-media":"","overlay-type":"","overlay-color":"","overlay-opacity":"","overlay-gradient":""}}},"product_brand":[],"product_cat":[389],"product_tag":[],"class_list":{"0":"post-6302","1":"product","2":"type-product","3":"status-publish","4":"has-post-thumbnail","6":"product_cat-plechovka","7":"pa_obal-plechovka","8":"pa_zeme-cesko","9":"pa_znacka-zichovec","10":"desktop-align-left","11":"tablet-align-left","12":"mobile-align-left","14":"first","15":"instock","16":"taxable","17":"shipping-taxable","18":"purchasable","19":"product-type-simple"},"uagb_featured_image_src":{"full":["https:\/\/drinkoteka.cz\/wp-content\/uploads\/2026\/05\/Chariot-Of-Sol.jpeg",500,500,false],"thumbnail":["https:\/\/drinkoteka.cz\/wp-content\/uploads\/2026\/05\/Chariot-Of-Sol-150x150.jpeg",150,150,true],"medium":["https:\/\/drinkoteka.cz\/wp-content\/uploads\/2026\/05\/Chariot-Of-Sol-300x300.jpeg",300,300,true],"medium_large":["https:\/\/drinkoteka.cz\/wp-content\/uploads\/2026\/05\/Chariot-Of-Sol.jpeg",500,500,false],"large":["https:\/\/drinkoteka.cz\/wp-content\/uploads\/2026\/05\/Chariot-Of-Sol.jpeg",500,500,false],"1536x1536":["https:\/\/drinkoteka.cz\/wp-content\/uploads\/2026\/05\/Chariot-Of-Sol.jpeg",500,500,false],"2048x2048":["https:\/\/drinkoteka.cz\/wp-content\/uploads\/2026\/05\/Chariot-Of-Sol.jpeg",500,500,false],"woocommerce_thumbnail":["https:\/\/drinkoteka.cz\/wp-content\/uploads\/2026\/05\/Chariot-Of-Sol-300x300.jpeg",300,300,true],"woocommerce_single":["https:\/\/drinkoteka.cz\/wp-content\/uploads\/2026\/05\/Chariot-Of-Sol-300x300.jpeg",300,300,true],"woocommerce_gallery_thumbnail":["https:\/\/drinkoteka.cz\/wp-content\/uploads\/2026\/05\/Chariot-Of-Sol-100x100.jpeg",100,100,true],"dgwt-wcas-product-suggestion":["https:\/\/drinkoteka.cz\/wp-content\/uploads\/2026\/05\/Chariot-Of-Sol-64x64.jpeg",64,64,true]},"uagb_author_info":{"display_name":"admin","author_link":"https:\/\/drinkoteka.cz\/obchod\/author\/"},"uagb_comment_info":0,"uagb_excerpt":"\u0160\u0165avnat\u00e1 NEIPA kva\u0161en\u00e1 norsk\u00fdmi kveik kvasnicemi a nadupan\u00e1 pomeran\u010di. Kombinace k\u016fry i \u0161\u0165\u00e1vy se potk\u00e1v\u00e1 s v\u00fdrazn\u00fdm chmelen\u00edm a vytv\u00e1\u0159\u00ed pln\u00fd, lehce rustik\u00e1ln\u00ed profil s dominantn\u00edmi t\u00f3ny pomeran\u010de a citrus\u016f.nAlk. 6,8%","_links":{"self":[{"href":"https:\/\/drinkoteka.cz\/obchod\/wp-json\/wp\/v2\/product\/6302","targetHints":{"allow":["GET"]}}],"collection":[{"href":"https:\/\/drinkoteka.cz\/obchod\/wp-json\/wp\/v2\/product"}],"about":[{"href":"https:\/\/drinkoteka.cz\/obchod\/wp-json\/wp\/v2\/types\/product"}],"replies":[{"embeddable":true,"href":"https:\/\/drinkoteka.cz\/obchod\/wp-json\/wp\/v2\/comments?post=6302"}],"wp:featuredmedia":[{"embeddable":true,"href":"https:\/\/drinkoteka.cz\/obchod\/wp-json\/wp\/v2\/media\/6303"}],"wp:attachment":[{"href":"https:\/\/drinkoteka.cz\/obchod\/wp-json\/wp\/v2\/media?parent=6302"}],"wp:term":[{"taxonomy":"product_brand","embeddable":true,"href":"https:\/\/drinkoteka.cz\/obchod\/wp-json\/wp\/v2\/product_brand?post=6302"},{"taxonomy":"product_cat","embeddable":true,"href":"https:\/\/drinkoteka.cz\/obchod\/wp-json\/wp\/v2\/product_cat?post=6302"},{"taxonomy":"product_tag","embeddable":true,"href":"https:\/\/drinkoteka.cz\/obchod\/wp-json\/wp\/v2\/product_tag?post=6302"}],"curies":[{"name":"wp","href":"https:\/\/api.w.org\/{rel}","templated":true}]}}