{"id":6290,"date":"2026-05-02T06:11:50","date_gmt":"2026-05-02T06:11:50","guid":{"rendered":"https:\/\/drinkoteka.cz\/obchod\/produkt\/nozib-x-the-barn-clash-2026-west-coast-ipa-centennial-juno-cryo-cascade-pl-05\/"},"modified":"2026-05-12T11:54:57","modified_gmt":"2026-05-12T11:54:57","slug":"nozib-x-the-barn-clash-2026-west-coast-ipa-centennial-juno-cryo-cascade-pl-05","status":"publish","type":"product","link":"https:\/\/drinkoteka.cz\/obchod\/produkt\/nozib-x-the-barn-clash-2026-west-coast-ipa-centennial-juno-cryo-cascade-pl-05\/","title":{"rendered":"Nozib x THE BARN CLASH 2026 WEST COAST IPA CENTENNIAL + JUNO + CRYO CASCADE pl. 0,5"},"content":{"rendered":"","protected":false},"excerpt":{"rendered":"<p>Spolupr\u00e1ce s The Barn Beer Co. Po roce jsme znovu pom\u011b\u0159ili s\u00edly a uva\u0159ili West Coast IPA podle stejn\u00e9 receptury, tentokr\u00e1tns chmely Centennial, Juno a Cryo Cascade. V\u00fdsledkem je velmi such\u00e9, \u010dir\u00e9 pivo s dlouze dozn\u00edvaj\u00edc\u00ed robustn\u00ed ho\u0159kost\u00ed a aromanklasick\u00fdch americk\u00fdch chmel\u016f, kter\u00e9 dopl\u0148uje \u010desk\u00fd novo\u0161lecht\u011bn\u00fd kultivar. Doporu\u010dujeme ochutnat ob\u011b verze vedle sebe.n5,7 % ALK. \/ 13\u00b0<\/p>\n","protected":false},"featured_media":6296,"comment_status":"closed","ping_status":"closed","template":"","meta":{"_uag_custom_page_level_css":"","site-sidebar-layout":"default","site-content-layout":"","ast-site-content-layout":"default","site-content-style":"default","site-sidebar-style":"default","ast-global-header-display":"","ast-banner-title-visibility":"","ast-main-header-display":"","ast-hfb-above-header-display":"","ast-hfb-below-header-display":"","ast-hfb-mobile-header-display":"","site-post-title":"","ast-breadcrumbs-content":"","ast-featured-img":"","footer-sml-layout":"","ast-disable-related-posts":"","theme-transparent-header-meta":"","adv-header-id-meta":"","stick-header-meta":"","header-above-stick-meta":"","header-main-stick-meta":"","header-below-stick-meta":"","astra-migrate-meta-layouts":"default","ast-page-background-enabled":"default","ast-page-background-meta":{"desktop":{"background-color":"var(--ast-global-color-4)","background-image":"","background-repeat":"repeat","background-position":"center center","background-size":"auto","background-attachment":"scroll","background-type":"","background-media":"","overlay-type":"","overlay-color":"","overlay-opacity":"","overlay-gradient":""},"tablet":{"background-color":"","background-image":"","background-repeat":"repeat","background-position":"center center","background-size":"auto","background-attachment":"scroll","background-type":"","background-media":"","overlay-type":"","overlay-color":"","overlay-opacity":"","overlay-gradient":""},"mobile":{"background-color":"","background-image":"","background-repeat":"repeat","background-position":"center center","background-size":"auto","background-attachment":"scroll","background-type":"","background-media":"","overlay-type":"","overlay-color":"","overlay-opacity":"","overlay-gradient":""}},"ast-content-background-meta":{"desktop":{"background-color":"var(--ast-global-color-5)","background-image":"","background-repeat":"repeat","background-position":"center center","background-size":"auto","background-attachment":"scroll","background-type":"","background-media":"","overlay-type":"","overlay-color":"","overlay-opacity":"","overlay-gradient":""},"tablet":{"background-color":"var(--ast-global-color-5)","background-image":"","background-repeat":"repeat","background-position":"center center","background-size":"auto","background-attachment":"scroll","background-type":"","background-media":"","overlay-type":"","overlay-color":"","overlay-opacity":"","overlay-gradient":""},"mobile":{"background-color":"var(--ast-global-color-5)","background-image":"","background-repeat":"repeat","background-position":"center center","background-size":"auto","background-attachment":"scroll","background-type":"","background-media":"","overlay-type":"","overlay-color":"","overlay-opacity":"","overlay-gradient":""}}},"product_brand":[],"product_cat":[389],"product_tag":[],"class_list":{"0":"post-6290","1":"product","2":"type-product","3":"status-publish","4":"has-post-thumbnail","6":"product_cat-plechovka","7":"pa_obal-plechovka","8":"pa_zeme-cesko","9":"pa_znacka-the-barn-beer-co","10":"pa_znacka-nozib","11":"desktop-align-left","12":"tablet-align-left","13":"mobile-align-left","15":"first","16":"instock","17":"taxable","18":"shipping-taxable","19":"purchasable","20":"product-type-simple"},"uagb_featured_image_src":{"full":["https:\/\/drinkoteka.cz\/wp-content\/uploads\/2026\/05\/5_NOZIB_Clash2026_ctverec.jpg",1103,1103,false],"thumbnail":["https:\/\/drinkoteka.cz\/wp-content\/uploads\/2026\/05\/5_NOZIB_Clash2026_ctverec-150x150.jpg",150,150,true],"medium":["https:\/\/drinkoteka.cz\/wp-content\/uploads\/2026\/05\/5_NOZIB_Clash2026_ctverec-300x300.jpg",300,300,true],"medium_large":["https:\/\/drinkoteka.cz\/wp-content\/uploads\/2026\/05\/5_NOZIB_Clash2026_ctverec-768x768.jpg",768,768,true],"large":["https:\/\/drinkoteka.cz\/wp-content\/uploads\/2026\/05\/5_NOZIB_Clash2026_ctverec-1024x1024.jpg",1024,1024,true],"1536x1536":["https:\/\/drinkoteka.cz\/wp-content\/uploads\/2026\/05\/5_NOZIB_Clash2026_ctverec.jpg",1103,1103,false],"2048x2048":["https:\/\/drinkoteka.cz\/wp-content\/uploads\/2026\/05\/5_NOZIB_Clash2026_ctverec.jpg",1103,1103,false],"woocommerce_thumbnail":["https:\/\/drinkoteka.cz\/wp-content\/uploads\/2026\/05\/5_NOZIB_Clash2026_ctverec-300x300.jpg",300,300,true],"woocommerce_single":["https:\/\/drinkoteka.cz\/wp-content\/uploads\/2026\/05\/5_NOZIB_Clash2026_ctverec-300x300.jpg",300,300,true],"woocommerce_gallery_thumbnail":["https:\/\/drinkoteka.cz\/wp-content\/uploads\/2026\/05\/5_NOZIB_Clash2026_ctverec-100x100.jpg",100,100,true],"dgwt-wcas-product-suggestion":["https:\/\/drinkoteka.cz\/wp-content\/uploads\/2026\/05\/5_NOZIB_Clash2026_ctverec-64x64.jpg",64,64,true]},"uagb_author_info":{"display_name":"admin","author_link":"https:\/\/drinkoteka.cz\/obchod\/author\/"},"uagb_comment_info":0,"uagb_excerpt":"Spolupr\u00e1ce s The Barn Beer Co. Po roce jsme znovu pom\u011b\u0159ili s\u00edly a uva\u0159ili West Coast IPA podle stejn\u00e9 receptury, tentokr\u00e1tns chmely Centennial, Juno a Cryo Cascade. V\u00fdsledkem je velmi such\u00e9, \u010dir\u00e9 pivo s dlouze dozn\u00edvaj\u00edc\u00ed robustn\u00ed ho\u0159kost\u00ed a aromanklasick\u00fdch americk\u00fdch chmel\u016f, kter\u00e9 dopl\u0148uje \u010desk\u00fd novo\u0161lecht\u011bn\u00fd kultivar. Doporu\u010dujeme ochutnat ob\u011b verze vedle sebe.n5,7 % ALK.&hellip;","_links":{"self":[{"href":"https:\/\/drinkoteka.cz\/obchod\/wp-json\/wp\/v2\/product\/6290","targetHints":{"allow":["GET"]}}],"collection":[{"href":"https:\/\/drinkoteka.cz\/obchod\/wp-json\/wp\/v2\/product"}],"about":[{"href":"https:\/\/drinkoteka.cz\/obchod\/wp-json\/wp\/v2\/types\/product"}],"replies":[{"embeddable":true,"href":"https:\/\/drinkoteka.cz\/obchod\/wp-json\/wp\/v2\/comments?post=6290"}],"wp:featuredmedia":[{"embeddable":true,"href":"https:\/\/drinkoteka.cz\/obchod\/wp-json\/wp\/v2\/media\/6296"}],"wp:attachment":[{"href":"https:\/\/drinkoteka.cz\/obchod\/wp-json\/wp\/v2\/media?parent=6290"}],"wp:term":[{"taxonomy":"product_brand","embeddable":true,"href":"https:\/\/drinkoteka.cz\/obchod\/wp-json\/wp\/v2\/product_brand?post=6290"},{"taxonomy":"product_cat","embeddable":true,"href":"https:\/\/drinkoteka.cz\/obchod\/wp-json\/wp\/v2\/product_cat?post=6290"},{"taxonomy":"product_tag","embeddable":true,"href":"https:\/\/drinkoteka.cz\/obchod\/wp-json\/wp\/v2\/product_tag?post=6290"}],"curies":[{"name":"wp","href":"https:\/\/api.w.org\/{rel}","templated":true}]}}