{"id":6289,"date":"2026-05-02T06:11:48","date_gmt":"2026-05-02T06:11:48","guid":{"rendered":"https:\/\/drinkoteka.cz\/obchod\/produkt\/nozib-hazy-superdelic-nz-hazy-ipa-pl-05\/"},"modified":"2026-05-12T19:28:53","modified_gmt":"2026-05-12T19:28:53","slug":"nozib-hazy-superdelic-nz-hazy-ipa-pl-05","status":"publish","type":"product","link":"https:\/\/drinkoteka.cz\/obchod\/produkt\/nozib-hazy-superdelic-nz-hazy-ipa-pl-05\/","title":{"rendered":"Nozib HAZY SUPERDELIC NZ HAZY IPA pl. 0,5"},"content":{"rendered":"","protected":false},"excerpt":{"rendered":"<p>Kultivar Superdelic, kter\u00fd byl komer\u010dn\u011b uveden v roce 2023, n\u00e1s bav\u00ed sv\u00fdm unik\u00e1tn\u00edm senzorick\u00fdm prolem \u2013 od tropick\u00e9honovoce se posouv\u00e1 k v\u00fdrazn\u00fdm t\u00f3n\u016fm \u010derven\u00e9ho ovoce a sladk\u00fdch bonbon\u016f. Pivo jsme odkvasili kmenem WL London Fog,nkter\u00fd v kombinaci se Superdelicem a vysok\u00fdm pod\u00edlem ovesn\u00fdch vlo\u010dek a p\u0161eni\u010dn\u00e9ho sladu vytv\u00e1\u0159\u00ed extra hutn\u00e9 a juicy t\u011blo.n6,0 % ALK. \/ 15\u00b0<\/p>\n","protected":false},"featured_media":6295,"comment_status":"closed","ping_status":"closed","template":"","meta":{"_uag_custom_page_level_css":"","site-sidebar-layout":"default","site-content-layout":"","ast-site-content-layout":"default","site-content-style":"default","site-sidebar-style":"default","ast-global-header-display":"","ast-banner-title-visibility":"","ast-main-header-display":"","ast-hfb-above-header-display":"","ast-hfb-below-header-display":"","ast-hfb-mobile-header-display":"","site-post-title":"","ast-breadcrumbs-content":"","ast-featured-img":"","footer-sml-layout":"","ast-disable-related-posts":"","theme-transparent-header-meta":"","adv-header-id-meta":"","stick-header-meta":"","header-above-stick-meta":"","header-main-stick-meta":"","header-below-stick-meta":"","astra-migrate-meta-layouts":"default","ast-page-background-enabled":"default","ast-page-background-meta":{"desktop":{"background-color":"var(--ast-global-color-4)","background-image":"","background-repeat":"repeat","background-position":"center center","background-size":"auto","background-attachment":"scroll","background-type":"","background-media":"","overlay-type":"","overlay-color":"","overlay-opacity":"","overlay-gradient":""},"tablet":{"background-color":"","background-image":"","background-repeat":"repeat","background-position":"center center","background-size":"auto","background-attachment":"scroll","background-type":"","background-media":"","overlay-type":"","overlay-color":"","overlay-opacity":"","overlay-gradient":""},"mobile":{"background-color":"","background-image":"","background-repeat":"repeat","background-position":"center center","background-size":"auto","background-attachment":"scroll","background-type":"","background-media":"","overlay-type":"","overlay-color":"","overlay-opacity":"","overlay-gradient":""}},"ast-content-background-meta":{"desktop":{"background-color":"var(--ast-global-color-5)","background-image":"","background-repeat":"repeat","background-position":"center center","background-size":"auto","background-attachment":"scroll","background-type":"","background-media":"","overlay-type":"","overlay-color":"","overlay-opacity":"","overlay-gradient":""},"tablet":{"background-color":"var(--ast-global-color-5)","background-image":"","background-repeat":"repeat","background-position":"center center","background-size":"auto","background-attachment":"scroll","background-type":"","background-media":"","overlay-type":"","overlay-color":"","overlay-opacity":"","overlay-gradient":""},"mobile":{"background-color":"var(--ast-global-color-5)","background-image":"","background-repeat":"repeat","background-position":"center center","background-size":"auto","background-attachment":"scroll","background-type":"","background-media":"","overlay-type":"","overlay-color":"","overlay-opacity":"","overlay-gradient":""}}},"product_brand":[],"product_cat":[389],"product_tag":[],"class_list":{"0":"post-6289","1":"product","2":"type-product","3":"status-publish","4":"has-post-thumbnail","6":"product_cat-plechovka","7":"pa_obal-plechovka","8":"pa_zeme-cesko","9":"pa_znacka-nozib","10":"desktop-align-left","11":"tablet-align-left","12":"mobile-align-left","14":"first","15":"instock","16":"taxable","17":"shipping-taxable","18":"purchasable","19":"product-type-simple"},"uagb_featured_image_src":{"full":["https:\/\/drinkoteka.cz\/wp-content\/uploads\/2026\/05\/3_NOZIB_HazySuperdelic_ctverec.jpg",1103,1103,false],"thumbnail":["https:\/\/drinkoteka.cz\/wp-content\/uploads\/2026\/05\/3_NOZIB_HazySuperdelic_ctverec-150x150.jpg",150,150,true],"medium":["https:\/\/drinkoteka.cz\/wp-content\/uploads\/2026\/05\/3_NOZIB_HazySuperdelic_ctverec-300x300.jpg",300,300,true],"medium_large":["https:\/\/drinkoteka.cz\/wp-content\/uploads\/2026\/05\/3_NOZIB_HazySuperdelic_ctverec-768x768.jpg",768,768,true],"large":["https:\/\/drinkoteka.cz\/wp-content\/uploads\/2026\/05\/3_NOZIB_HazySuperdelic_ctverec-1024x1024.jpg",1024,1024,true],"1536x1536":["https:\/\/drinkoteka.cz\/wp-content\/uploads\/2026\/05\/3_NOZIB_HazySuperdelic_ctverec.jpg",1103,1103,false],"2048x2048":["https:\/\/drinkoteka.cz\/wp-content\/uploads\/2026\/05\/3_NOZIB_HazySuperdelic_ctverec.jpg",1103,1103,false],"woocommerce_thumbnail":["https:\/\/drinkoteka.cz\/wp-content\/uploads\/2026\/05\/3_NOZIB_HazySuperdelic_ctverec-300x300.jpg",300,300,true],"woocommerce_single":["https:\/\/drinkoteka.cz\/wp-content\/uploads\/2026\/05\/3_NOZIB_HazySuperdelic_ctverec-300x300.jpg",300,300,true],"woocommerce_gallery_thumbnail":["https:\/\/drinkoteka.cz\/wp-content\/uploads\/2026\/05\/3_NOZIB_HazySuperdelic_ctverec-100x100.jpg",100,100,true],"dgwt-wcas-product-suggestion":["https:\/\/drinkoteka.cz\/wp-content\/uploads\/2026\/05\/3_NOZIB_HazySuperdelic_ctverec-64x64.jpg",64,64,true]},"uagb_author_info":{"display_name":"admin","author_link":"https:\/\/drinkoteka.cz\/obchod\/author\/"},"uagb_comment_info":0,"uagb_excerpt":"Kultivar Superdelic, kter\u00fd byl komer\u010dn\u011b uveden v roce 2023, n\u00e1s bav\u00ed sv\u00fdm unik\u00e1tn\u00edm senzorick\u00fdm prolem \u2013 od tropick\u00e9honovoce se posouv\u00e1 k v\u00fdrazn\u00fdm t\u00f3n\u016fm \u010derven\u00e9ho ovoce a sladk\u00fdch bonbon\u016f. Pivo jsme odkvasili kmenem WL London Fog,nkter\u00fd v kombinaci se Superdelicem a vysok\u00fdm pod\u00edlem ovesn\u00fdch vlo\u010dek a p\u0161eni\u010dn\u00e9ho sladu vytv\u00e1\u0159\u00ed extra hutn\u00e9 a juicy t\u011blo.n6,0 % ALK.&hellip;","_links":{"self":[{"href":"https:\/\/drinkoteka.cz\/obchod\/wp-json\/wp\/v2\/product\/6289","targetHints":{"allow":["GET"]}}],"collection":[{"href":"https:\/\/drinkoteka.cz\/obchod\/wp-json\/wp\/v2\/product"}],"about":[{"href":"https:\/\/drinkoteka.cz\/obchod\/wp-json\/wp\/v2\/types\/product"}],"replies":[{"embeddable":true,"href":"https:\/\/drinkoteka.cz\/obchod\/wp-json\/wp\/v2\/comments?post=6289"}],"wp:featuredmedia":[{"embeddable":true,"href":"https:\/\/drinkoteka.cz\/obchod\/wp-json\/wp\/v2\/media\/6295"}],"wp:attachment":[{"href":"https:\/\/drinkoteka.cz\/obchod\/wp-json\/wp\/v2\/media?parent=6289"}],"wp:term":[{"taxonomy":"product_brand","embeddable":true,"href":"https:\/\/drinkoteka.cz\/obchod\/wp-json\/wp\/v2\/product_brand?post=6289"},{"taxonomy":"product_cat","embeddable":true,"href":"https:\/\/drinkoteka.cz\/obchod\/wp-json\/wp\/v2\/product_cat?post=6289"},{"taxonomy":"product_tag","embeddable":true,"href":"https:\/\/drinkoteka.cz\/obchod\/wp-json\/wp\/v2\/product_tag?post=6289"}],"curies":[{"name":"wp","href":"https:\/\/api.w.org\/{rel}","templated":true}]}}