{"id":6287,"date":"2026-05-02T06:11:44","date_gmt":"2026-05-02T06:11:44","guid":{"rendered":"https:\/\/drinkoteka.cz\/obchod\/produkt\/nozib-goseteria-8-peach-lime-rosemary-salt-pl-05\/"},"modified":"2026-05-12T11:54:55","modified_gmt":"2026-05-12T11:54:55","slug":"nozib-goseteria-8-peach-lime-rosemary-salt-pl-05","status":"publish","type":"product","link":"https:\/\/drinkoteka.cz\/obchod\/produkt\/nozib-goseteria-8-peach-lime-rosemary-salt-pl-05\/","title":{"rendered":"Nozib GOSETERIA #8 PEACH + LIME + ROSEMARY + SALT pl. 0,5"},"content":{"rendered":"","protected":false},"excerpt":{"rendered":"<p>Osm\u00fd d\u00edl Goseterie stav\u00ed na osv\u011b\u017euj\u00edc\u00ed kombinaci limetky a broskve. Dominuje p\u0159\u00edjemn\u00e1 limetkov\u00e1 kyselost, kterou dopl\u0148uj\u00ednjemn\u011b sladk\u00e9 t\u00f3ny zral\u00fdch broskv\u00ed. Rozmar\u00fdn p\u0159id\u00e1v\u00e1 bylinnou sv\u011b\u017eest a s\u016fl balancuje kyselost a zv\u00fdraz\u0148uje ovocn\u00e9 t\u00f3ny.nToto Gose jsme odkvasili kmenem LalBrew BRY-97, kter\u00fd podtrhuje \u010dist\u00fd prol a nech\u00e1v\u00e1 vyniknout pou\u017eit\u00e9 ingredience.n4,2 % ALK. \/ 12\u00b0<\/p>\n","protected":false},"featured_media":6297,"comment_status":"closed","ping_status":"closed","template":"","meta":{"_uag_custom_page_level_css":"","site-sidebar-layout":"default","site-content-layout":"","ast-site-content-layout":"default","site-content-style":"default","site-sidebar-style":"default","ast-global-header-display":"","ast-banner-title-visibility":"","ast-main-header-display":"","ast-hfb-above-header-display":"","ast-hfb-below-header-display":"","ast-hfb-mobile-header-display":"","site-post-title":"","ast-breadcrumbs-content":"","ast-featured-img":"","footer-sml-layout":"","ast-disable-related-posts":"","theme-transparent-header-meta":"","adv-header-id-meta":"","stick-header-meta":"","header-above-stick-meta":"","header-main-stick-meta":"","header-below-stick-meta":"","astra-migrate-meta-layouts":"default","ast-page-background-enabled":"default","ast-page-background-meta":{"desktop":{"background-color":"var(--ast-global-color-4)","background-image":"","background-repeat":"repeat","background-position":"center center","background-size":"auto","background-attachment":"scroll","background-type":"","background-media":"","overlay-type":"","overlay-color":"","overlay-opacity":"","overlay-gradient":""},"tablet":{"background-color":"","background-image":"","background-repeat":"repeat","background-position":"center center","background-size":"auto","background-attachment":"scroll","background-type":"","background-media":"","overlay-type":"","overlay-color":"","overlay-opacity":"","overlay-gradient":""},"mobile":{"background-color":"","background-image":"","background-repeat":"repeat","background-position":"center center","background-size":"auto","background-attachment":"scroll","background-type":"","background-media":"","overlay-type":"","overlay-color":"","overlay-opacity":"","overlay-gradient":""}},"ast-content-background-meta":{"desktop":{"background-color":"var(--ast-global-color-5)","background-image":"","background-repeat":"repeat","background-position":"center center","background-size":"auto","background-attachment":"scroll","background-type":"","background-media":"","overlay-type":"","overlay-color":"","overlay-opacity":"","overlay-gradient":""},"tablet":{"background-color":"var(--ast-global-color-5)","background-image":"","background-repeat":"repeat","background-position":"center center","background-size":"auto","background-attachment":"scroll","background-type":"","background-media":"","overlay-type":"","overlay-color":"","overlay-opacity":"","overlay-gradient":""},"mobile":{"background-color":"var(--ast-global-color-5)","background-image":"","background-repeat":"repeat","background-position":"center center","background-size":"auto","background-attachment":"scroll","background-type":"","background-media":"","overlay-type":"","overlay-color":"","overlay-opacity":"","overlay-gradient":""}}},"product_brand":[],"product_cat":[389],"product_tag":[],"class_list":{"0":"post-6287","1":"product","2":"type-product","3":"status-publish","4":"has-post-thumbnail","6":"product_cat-plechovka","7":"pa_obal-plechovka","8":"pa_zeme-cesko","9":"pa_znacka-nozib","10":"desktop-align-left","11":"tablet-align-left","12":"mobile-align-left","14":"first","15":"instock","16":"taxable","17":"shipping-taxable","18":"purchasable","19":"product-type-simple"},"uagb_featured_image_src":{"full":["https:\/\/drinkoteka.cz\/wp-content\/uploads\/2026\/05\/6_NOZIB_Goseteria8_ctverec.jpg",1104,1103,false],"thumbnail":["https:\/\/drinkoteka.cz\/wp-content\/uploads\/2026\/05\/6_NOZIB_Goseteria8_ctverec-150x150.jpg",150,150,true],"medium":["https:\/\/drinkoteka.cz\/wp-content\/uploads\/2026\/05\/6_NOZIB_Goseteria8_ctverec-300x300.jpg",300,300,true],"medium_large":["https:\/\/drinkoteka.cz\/wp-content\/uploads\/2026\/05\/6_NOZIB_Goseteria8_ctverec-768x767.jpg",768,767,true],"large":["https:\/\/drinkoteka.cz\/wp-content\/uploads\/2026\/05\/6_NOZIB_Goseteria8_ctverec-1024x1024.jpg",1024,1024,true],"1536x1536":["https:\/\/drinkoteka.cz\/wp-content\/uploads\/2026\/05\/6_NOZIB_Goseteria8_ctverec.jpg",1104,1103,false],"2048x2048":["https:\/\/drinkoteka.cz\/wp-content\/uploads\/2026\/05\/6_NOZIB_Goseteria8_ctverec.jpg",1104,1103,false],"woocommerce_thumbnail":["https:\/\/drinkoteka.cz\/wp-content\/uploads\/2026\/05\/6_NOZIB_Goseteria8_ctverec-300x300.jpg",300,300,true],"woocommerce_single":["https:\/\/drinkoteka.cz\/wp-content\/uploads\/2026\/05\/6_NOZIB_Goseteria8_ctverec-300x300.jpg",300,300,true],"woocommerce_gallery_thumbnail":["https:\/\/drinkoteka.cz\/wp-content\/uploads\/2026\/05\/6_NOZIB_Goseteria8_ctverec-100x100.jpg",100,100,true],"dgwt-wcas-product-suggestion":["https:\/\/drinkoteka.cz\/wp-content\/uploads\/2026\/05\/6_NOZIB_Goseteria8_ctverec-64x64.jpg",64,64,true]},"uagb_author_info":{"display_name":"admin","author_link":"https:\/\/drinkoteka.cz\/obchod\/author\/"},"uagb_comment_info":0,"uagb_excerpt":"Osm\u00fd d\u00edl Goseterie stav\u00ed na osv\u011b\u017euj\u00edc\u00ed kombinaci limetky a broskve. Dominuje p\u0159\u00edjemn\u00e1 limetkov\u00e1 kyselost, kterou dopl\u0148uj\u00ednjemn\u011b sladk\u00e9 t\u00f3ny zral\u00fdch broskv\u00ed. Rozmar\u00fdn p\u0159id\u00e1v\u00e1 bylinnou sv\u011b\u017eest a s\u016fl balancuje kyselost a zv\u00fdraz\u0148uje ovocn\u00e9 t\u00f3ny.nToto Gose jsme odkvasili kmenem LalBrew BRY-97, kter\u00fd podtrhuje \u010dist\u00fd prol a nech\u00e1v\u00e1 vyniknout pou\u017eit\u00e9 ingredience.n4,2 % ALK. \/ 12\u00b0","_links":{"self":[{"href":"https:\/\/drinkoteka.cz\/obchod\/wp-json\/wp\/v2\/product\/6287","targetHints":{"allow":["GET"]}}],"collection":[{"href":"https:\/\/drinkoteka.cz\/obchod\/wp-json\/wp\/v2\/product"}],"about":[{"href":"https:\/\/drinkoteka.cz\/obchod\/wp-json\/wp\/v2\/types\/product"}],"replies":[{"embeddable":true,"href":"https:\/\/drinkoteka.cz\/obchod\/wp-json\/wp\/v2\/comments?post=6287"}],"wp:featuredmedia":[{"embeddable":true,"href":"https:\/\/drinkoteka.cz\/obchod\/wp-json\/wp\/v2\/media\/6297"}],"wp:attachment":[{"href":"https:\/\/drinkoteka.cz\/obchod\/wp-json\/wp\/v2\/media?parent=6287"}],"wp:term":[{"taxonomy":"product_brand","embeddable":true,"href":"https:\/\/drinkoteka.cz\/obchod\/wp-json\/wp\/v2\/product_brand?post=6287"},{"taxonomy":"product_cat","embeddable":true,"href":"https:\/\/drinkoteka.cz\/obchod\/wp-json\/wp\/v2\/product_cat?post=6287"},{"taxonomy":"product_tag","embeddable":true,"href":"https:\/\/drinkoteka.cz\/obchod\/wp-json\/wp\/v2\/product_tag?post=6287"}],"curies":[{"name":"wp","href":"https:\/\/api.w.org\/{rel}","templated":true}]}}