{"id":6083,"date":"2025-12-16T09:11:42","date_gmt":"2025-12-16T09:11:42","guid":{"rendered":"https:\/\/drinkoteka.cz\/obchod\/produkt\/chroust-stedra-ipa-pl-05\/"},"modified":"2026-02-24T19:58:05","modified_gmt":"2026-02-24T19:58:05","slug":"chroust-stedra-ipa-pl-05","status":"publish","type":"product","link":"https:\/\/drinkoteka.cz\/obchod\/produkt\/chroust-stedra-ipa-pl-05\/","title":{"rendered":"Chroust \u0160t\u011bdr\u00e1 IPA pl. 0,5"},"content":{"rendered":"","protected":false},"excerpt":{"rendered":"<p>IPA &#8211; Session. 4,3%<\/p>\n","protected":false},"featured_media":6088,"comment_status":"closed","ping_status":"closed","template":"","meta":{"_uag_custom_page_level_css":"","site-sidebar-layout":"default","site-content-layout":"","ast-site-content-layout":"default","site-content-style":"default","site-sidebar-style":"default","ast-global-header-display":"","ast-banner-title-visibility":"","ast-main-header-display":"","ast-hfb-above-header-display":"","ast-hfb-below-header-display":"","ast-hfb-mobile-header-display":"","site-post-title":"","ast-breadcrumbs-content":"","ast-featured-img":"","footer-sml-layout":"","ast-disable-related-posts":"","theme-transparent-header-meta":"","adv-header-id-meta":"","stick-header-meta":"","header-above-stick-meta":"","header-main-stick-meta":"","header-below-stick-meta":"","astra-migrate-meta-layouts":"default","ast-page-background-enabled":"default","ast-page-background-meta":{"desktop":{"background-color":"var(--ast-global-color-4)","background-image":"","background-repeat":"repeat","background-position":"center center","background-size":"auto","background-attachment":"scroll","background-type":"","background-media":"","overlay-type":"","overlay-color":"","overlay-opacity":"","overlay-gradient":""},"tablet":{"background-color":"","background-image":"","background-repeat":"repeat","background-position":"center center","background-size":"auto","background-attachment":"scroll","background-type":"","background-media":"","overlay-type":"","overlay-color":"","overlay-opacity":"","overlay-gradient":""},"mobile":{"background-color":"","background-image":"","background-repeat":"repeat","background-position":"center center","background-size":"auto","background-attachment":"scroll","background-type":"","background-media":"","overlay-type":"","overlay-color":"","overlay-opacity":"","overlay-gradient":""}},"ast-content-background-meta":{"desktop":{"background-color":"var(--ast-global-color-5)","background-image":"","background-repeat":"repeat","background-position":"center center","background-size":"auto","background-attachment":"scroll","background-type":"","background-media":"","overlay-type":"","overlay-color":"","overlay-opacity":"","overlay-gradient":""},"tablet":{"background-color":"var(--ast-global-color-5)","background-image":"","background-repeat":"repeat","background-position":"center center","background-size":"auto","background-attachment":"scroll","background-type":"","background-media":"","overlay-type":"","overlay-color":"","overlay-opacity":"","overlay-gradient":""},"mobile":{"background-color":"var(--ast-global-color-5)","background-image":"","background-repeat":"repeat","background-position":"center center","background-size":"auto","background-attachment":"scroll","background-type":"","background-media":"","overlay-type":"","overlay-color":"","overlay-opacity":"","overlay-gradient":""}}},"product_brand":[],"product_cat":[389],"product_tag":[],"class_list":{"0":"post-6083","1":"product","2":"type-product","3":"status-publish","4":"has-post-thumbnail","6":"product_cat-plechovka","7":"pa_obal-plechovka","8":"pa_zeme-cesko","9":"pa_znacka-chroust","10":"desktop-align-left","11":"tablet-align-left","12":"mobile-align-left","14":"first","15":"outofstock","16":"taxable","17":"shipping-taxable","18":"purchasable","19":"product-type-simple"},"uagb_featured_image_src":{"full":["https:\/\/drinkoteka.cz\/wp-content\/uploads\/2025\/12\/Chroust-Stedra-IPA-.jpeg",500,299,false],"thumbnail":["https:\/\/drinkoteka.cz\/wp-content\/uploads\/2025\/12\/Chroust-Stedra-IPA--150x150.jpeg",150,150,true],"medium":["https:\/\/drinkoteka.cz\/wp-content\/uploads\/2025\/12\/Chroust-Stedra-IPA--300x179.jpeg",300,179,true],"medium_large":["https:\/\/drinkoteka.cz\/wp-content\/uploads\/2025\/12\/Chroust-Stedra-IPA-.jpeg",500,299,false],"large":["https:\/\/drinkoteka.cz\/wp-content\/uploads\/2025\/12\/Chroust-Stedra-IPA-.jpeg",500,299,false],"1536x1536":["https:\/\/drinkoteka.cz\/wp-content\/uploads\/2025\/12\/Chroust-Stedra-IPA-.jpeg",500,299,false],"2048x2048":["https:\/\/drinkoteka.cz\/wp-content\/uploads\/2025\/12\/Chroust-Stedra-IPA-.jpeg",500,299,false],"woocommerce_thumbnail":["https:\/\/drinkoteka.cz\/wp-content\/uploads\/2025\/12\/Chroust-Stedra-IPA-.jpeg",300,179,false],"woocommerce_single":["https:\/\/drinkoteka.cz\/wp-content\/uploads\/2025\/12\/Chroust-Stedra-IPA--300x179.jpeg",300,179,true],"woocommerce_gallery_thumbnail":["https:\/\/drinkoteka.cz\/wp-content\/uploads\/2025\/12\/Chroust-Stedra-IPA--100x100.jpeg",100,100,true],"dgwt-wcas-product-suggestion":["https:\/\/drinkoteka.cz\/wp-content\/uploads\/2025\/12\/Chroust-Stedra-IPA--64x38.jpeg",64,38,true]},"uagb_author_info":{"display_name":"admin","author_link":"https:\/\/drinkoteka.cz\/obchod\/author\/"},"uagb_comment_info":0,"uagb_excerpt":"IPA - Session. 4,3%","_links":{"self":[{"href":"https:\/\/drinkoteka.cz\/obchod\/wp-json\/wp\/v2\/product\/6083","targetHints":{"allow":["GET"]}}],"collection":[{"href":"https:\/\/drinkoteka.cz\/obchod\/wp-json\/wp\/v2\/product"}],"about":[{"href":"https:\/\/drinkoteka.cz\/obchod\/wp-json\/wp\/v2\/types\/product"}],"replies":[{"embeddable":true,"href":"https:\/\/drinkoteka.cz\/obchod\/wp-json\/wp\/v2\/comments?post=6083"}],"wp:featuredmedia":[{"embeddable":true,"href":"https:\/\/drinkoteka.cz\/obchod\/wp-json\/wp\/v2\/media\/6088"}],"wp:attachment":[{"href":"https:\/\/drinkoteka.cz\/obchod\/wp-json\/wp\/v2\/media?parent=6083"}],"wp:term":[{"taxonomy":"product_brand","embeddable":true,"href":"https:\/\/drinkoteka.cz\/obchod\/wp-json\/wp\/v2\/product_brand?post=6083"},{"taxonomy":"product_cat","embeddable":true,"href":"https:\/\/drinkoteka.cz\/obchod\/wp-json\/wp\/v2\/product_cat?post=6083"},{"taxonomy":"product_tag","embeddable":true,"href":"https:\/\/drinkoteka.cz\/obchod\/wp-json\/wp\/v2\/product_tag?post=6083"}],"curies":[{"name":"wp","href":"https:\/\/api.w.org\/{rel}","templated":true}]}}