{"id":5523,"date":"2025-07-08T06:18:54","date_gmt":"2025-07-08T06:18:54","guid":{"rendered":"https:\/\/drinkoteka.cz\/produkt\/zichovec-the-future-is-now-hbc-1134-pl-05\/"},"modified":"2025-09-16T12:37:41","modified_gmt":"2025-09-16T12:37:41","slug":"zichovec-the-future-is-now-hbc-1134-pl-05","status":"publish","type":"product","link":"https:\/\/drinkoteka.cz\/obchod\/produkt\/zichovec-the-future-is-now-hbc-1134-pl-05\/","title":{"rendered":"Zichovec The Future Is Now HBC 1134 pl. 0,5"},"content":{"rendered":"","protected":false},"excerpt":{"rendered":"<p>West Coast Pilsner, co let\u00ed na vln\u011b budoucnosti. Seznamte se s chmelem HBC 1134 \u2013 novou odr\u016fdou z programu Hop Breeding Company, kter\u00e1 m\u00e1 nakro\u010deno st\u00e1t se dal\u0161\u00ed legendou. Nab\u00edz\u00ed sv\u011b\u017e\u00ed citrusov\u00fd a lehce prysky\u0159i\u010dn\u00fd charakter, kter\u00fd se kr\u00e1sn\u011b projev\u00ed v su\u0161\u0161\u00edm t\u011ble s nebezpe\u010dnou pitelnost\u00ed. Budoucnost je te\u010f a chutn\u00e1 skv\u011ble!nAlk. 5,1 % obj.<\/p>\n","protected":false},"featured_media":5524,"comment_status":"closed","ping_status":"closed","template":"","meta":{"_uag_custom_page_level_css":"","site-sidebar-layout":"default","site-content-layout":"","ast-site-content-layout":"default","site-content-style":"default","site-sidebar-style":"default","ast-global-header-display":"","ast-banner-title-visibility":"","ast-main-header-display":"","ast-hfb-above-header-display":"","ast-hfb-below-header-display":"","ast-hfb-mobile-header-display":"","site-post-title":"","ast-breadcrumbs-content":"","ast-featured-img":"","footer-sml-layout":"","ast-disable-related-posts":"","theme-transparent-header-meta":"","adv-header-id-meta":"","stick-header-meta":"","header-above-stick-meta":"","header-main-stick-meta":"","header-below-stick-meta":"","astra-migrate-meta-layouts":"default","ast-page-background-enabled":"default","ast-page-background-meta":{"desktop":{"background-color":"var(--ast-global-color-4)","background-image":"","background-repeat":"repeat","background-position":"center center","background-size":"auto","background-attachment":"scroll","background-type":"","background-media":"","overlay-type":"","overlay-color":"","overlay-opacity":"","overlay-gradient":""},"tablet":{"background-color":"","background-image":"","background-repeat":"repeat","background-position":"center center","background-size":"auto","background-attachment":"scroll","background-type":"","background-media":"","overlay-type":"","overlay-color":"","overlay-opacity":"","overlay-gradient":""},"mobile":{"background-color":"","background-image":"","background-repeat":"repeat","background-position":"center center","background-size":"auto","background-attachment":"scroll","background-type":"","background-media":"","overlay-type":"","overlay-color":"","overlay-opacity":"","overlay-gradient":""}},"ast-content-background-meta":{"desktop":{"background-color":"var(--ast-global-color-5)","background-image":"","background-repeat":"repeat","background-position":"center center","background-size":"auto","background-attachment":"scroll","background-type":"","background-media":"","overlay-type":"","overlay-color":"","overlay-opacity":"","overlay-gradient":""},"tablet":{"background-color":"var(--ast-global-color-5)","background-image":"","background-repeat":"repeat","background-position":"center center","background-size":"auto","background-attachment":"scroll","background-type":"","background-media":"","overlay-type":"","overlay-color":"","overlay-opacity":"","overlay-gradient":""},"mobile":{"background-color":"var(--ast-global-color-5)","background-image":"","background-repeat":"repeat","background-position":"center center","background-size":"auto","background-attachment":"scroll","background-type":"","background-media":"","overlay-type":"","overlay-color":"","overlay-opacity":"","overlay-gradient":""}}},"product_brand":[],"product_cat":[389],"product_tag":[],"class_list":{"0":"post-5523","1":"product","2":"type-product","3":"status-publish","4":"has-post-thumbnail","6":"product_cat-plechovka","7":"pa_obal-plechovka","8":"pa_zeme-cesko","9":"pa_znacka-zichovec","10":"desktop-align-left","11":"tablet-align-left","12":"mobile-align-left","14":"first","15":"outofstock","16":"taxable","17":"shipping-taxable","18":"purchasable","19":"product-type-simple"},"uagb_featured_image_src":{"full":["https:\/\/drinkoteka.cz\/wp-content\/uploads\/2025\/07\/The-Future-Is-Now-HBC-1134.jpeg",500,500,false],"thumbnail":["https:\/\/drinkoteka.cz\/wp-content\/uploads\/2025\/07\/The-Future-Is-Now-HBC-1134-150x150.jpeg",150,150,true],"medium":["https:\/\/drinkoteka.cz\/wp-content\/uploads\/2025\/07\/The-Future-Is-Now-HBC-1134-300x300.jpeg",300,300,true],"medium_large":["https:\/\/drinkoteka.cz\/wp-content\/uploads\/2025\/07\/The-Future-Is-Now-HBC-1134.jpeg",500,500,false],"large":["https:\/\/drinkoteka.cz\/wp-content\/uploads\/2025\/07\/The-Future-Is-Now-HBC-1134.jpeg",500,500,false],"1536x1536":["https:\/\/drinkoteka.cz\/wp-content\/uploads\/2025\/07\/The-Future-Is-Now-HBC-1134.jpeg",500,500,false],"2048x2048":["https:\/\/drinkoteka.cz\/wp-content\/uploads\/2025\/07\/The-Future-Is-Now-HBC-1134.jpeg",500,500,false],"woocommerce_thumbnail":["https:\/\/drinkoteka.cz\/wp-content\/uploads\/2025\/07\/The-Future-Is-Now-HBC-1134-300x300.jpeg",300,300,true],"woocommerce_single":["https:\/\/drinkoteka.cz\/wp-content\/uploads\/2025\/07\/The-Future-Is-Now-HBC-1134-300x300.jpeg",300,300,true],"woocommerce_gallery_thumbnail":["https:\/\/drinkoteka.cz\/wp-content\/uploads\/2025\/07\/The-Future-Is-Now-HBC-1134-100x100.jpeg",100,100,true],"dgwt-wcas-product-suggestion":["https:\/\/drinkoteka.cz\/wp-content\/uploads\/2025\/07\/The-Future-Is-Now-HBC-1134-64x64.jpeg",64,64,true]},"uagb_author_info":{"display_name":"admin","author_link":"https:\/\/drinkoteka.cz\/obchod\/author\/"},"uagb_comment_info":0,"uagb_excerpt":"West Coast Pilsner, co let\u00ed na vln\u011b budoucnosti. Seznamte se s chmelem HBC 1134 \u2013 novou odr\u016fdou z programu Hop Breeding Company, kter\u00e1 m\u00e1 nakro\u010deno st\u00e1t se dal\u0161\u00ed legendou. Nab\u00edz\u00ed sv\u011b\u017e\u00ed citrusov\u00fd a lehce prysky\u0159i\u010dn\u00fd charakter, kter\u00fd se kr\u00e1sn\u011b projev\u00ed v su\u0161\u0161\u00edm t\u011ble s nebezpe\u010dnou pitelnost\u00ed. Budoucnost je te\u010f a chutn\u00e1 skv\u011ble!nAlk. 5,1 % obj.","_links":{"self":[{"href":"https:\/\/drinkoteka.cz\/obchod\/wp-json\/wp\/v2\/product\/5523","targetHints":{"allow":["GET"]}}],"collection":[{"href":"https:\/\/drinkoteka.cz\/obchod\/wp-json\/wp\/v2\/product"}],"about":[{"href":"https:\/\/drinkoteka.cz\/obchod\/wp-json\/wp\/v2\/types\/product"}],"replies":[{"embeddable":true,"href":"https:\/\/drinkoteka.cz\/obchod\/wp-json\/wp\/v2\/comments?post=5523"}],"wp:featuredmedia":[{"embeddable":true,"href":"https:\/\/drinkoteka.cz\/obchod\/wp-json\/wp\/v2\/media\/5524"}],"wp:attachment":[{"href":"https:\/\/drinkoteka.cz\/obchod\/wp-json\/wp\/v2\/media?parent=5523"}],"wp:term":[{"taxonomy":"product_brand","embeddable":true,"href":"https:\/\/drinkoteka.cz\/obchod\/wp-json\/wp\/v2\/product_brand?post=5523"},{"taxonomy":"product_cat","embeddable":true,"href":"https:\/\/drinkoteka.cz\/obchod\/wp-json\/wp\/v2\/product_cat?post=5523"},{"taxonomy":"product_tag","embeddable":true,"href":"https:\/\/drinkoteka.cz\/obchod\/wp-json\/wp\/v2\/product_tag?post=5523"}],"curies":[{"name":"wp","href":"https:\/\/api.w.org\/{rel}","templated":true}]}}