{"id":3869,"date":"2024-10-20T06:52:20","date_gmt":"2024-10-20T06:52:20","guid":{"rendered":"https:\/\/drinkoteka.cz\/produkt\/arpus-ddh-hopheart-ipa-pl-044l\/"},"modified":"2026-02-02T14:46:32","modified_gmt":"2026-02-02T14:46:32","slug":"arpus-ddh-hopheart-ipa-pl-044l","status":"publish","type":"product","link":"https:\/\/drinkoteka.cz\/obchod\/produkt\/arpus-ddh-hopheart-ipa-pl-044l\/","title":{"rendered":"Arpus DDH Hopheart IPA pl. 0,44l"},"content":{"rendered":"","protected":false},"excerpt":{"rendered":"<p>Toto pivo kombinuje nejlep\u0161\u00ed tradice na\u0161eho pivovaru. Z\u00e1klad z jecn\u00e9ho, p\u0161enicn\u00e9ho a ovesn\u00e9ho sladu jsme doplnili tremi ruzn\u00fdmi chmely: Vic Secret, Mosaic a Galaxy, a fermentovali jsme ho s nejlep\u0161\u00edmi kvasnicemi z laboratore White Labs. Kr\u00e9mov\u00e1 a \u0161tavnat\u00e1 IPA s pr\u00edjemn\u00fdm aroma divok\u00fdch hroznu a intenzivn\u00ed citrusovou chut\u00ed nenech\u00e1 \u017e\u00e1dn\u00e9ho milovn\u00edka New England IPA chladn\u00fdm<\/p>\n","protected":false},"featured_media":3871,"comment_status":"closed","ping_status":"closed","template":"","meta":{"_uag_custom_page_level_css":"","site-sidebar-layout":"default","site-content-layout":"","ast-site-content-layout":"default","site-content-style":"default","site-sidebar-style":"default","ast-global-header-display":"","ast-banner-title-visibility":"","ast-main-header-display":"","ast-hfb-above-header-display":"","ast-hfb-below-header-display":"","ast-hfb-mobile-header-display":"","site-post-title":"","ast-breadcrumbs-content":"","ast-featured-img":"","footer-sml-layout":"","ast-disable-related-posts":"","theme-transparent-header-meta":"default","adv-header-id-meta":"","stick-header-meta":"","header-above-stick-meta":"","header-main-stick-meta":"","header-below-stick-meta":"","astra-migrate-meta-layouts":"set","ast-page-background-enabled":"default","ast-page-background-meta":{"desktop":{"background-color":"var(--ast-global-color-4)","background-image":"","background-repeat":"repeat","background-position":"center center","background-size":"auto","background-attachment":"scroll","background-type":"","background-media":"","overlay-type":"","overlay-color":"","overlay-opacity":"","overlay-gradient":""},"tablet":{"background-color":"","background-image":"","background-repeat":"repeat","background-position":"center center","background-size":"auto","background-attachment":"scroll","background-type":"","background-media":"","overlay-type":"","overlay-color":"","overlay-opacity":"","overlay-gradient":""},"mobile":{"background-color":"","background-image":"","background-repeat":"repeat","background-position":"center center","background-size":"auto","background-attachment":"scroll","background-type":"","background-media":"","overlay-type":"","overlay-color":"","overlay-opacity":"","overlay-gradient":""}},"ast-content-background-meta":{"desktop":{"background-color":"var(--ast-global-color-5)","background-image":"","background-repeat":"repeat","background-position":"center center","background-size":"auto","background-attachment":"scroll","background-type":"","background-media":"","overlay-type":"","overlay-color":"","overlay-opacity":"","overlay-gradient":""},"tablet":{"background-color":"var(--ast-global-color-5)","background-image":"","background-repeat":"repeat","background-position":"center center","background-size":"auto","background-attachment":"scroll","background-type":"","background-media":"","overlay-type":"","overlay-color":"","overlay-opacity":"","overlay-gradient":""},"mobile":{"background-color":"var(--ast-global-color-5)","background-image":"","background-repeat":"repeat","background-position":"center center","background-size":"auto","background-attachment":"scroll","background-type":"","background-media":"","overlay-type":"","overlay-color":"","overlay-opacity":"","overlay-gradient":""}}},"product_brand":[],"product_cat":[389],"product_tag":[],"class_list":{"0":"post-3869","1":"product","2":"type-product","3":"status-publish","4":"has-post-thumbnail","6":"product_cat-plechovka","7":"pa_obal-plechovka","8":"pa_zeme-cesko","9":"pa_zeme-lotyssko","10":"pa_znacka-zichovec","11":"pa_znacka-arpus","12":"desktop-align-left","13":"tablet-align-left","14":"mobile-align-left","16":"first","17":"outofstock","18":"taxable","19":"shipping-taxable","20":"purchasable","21":"product-type-simple"},"uagb_featured_image_src":{"full":["https:\/\/drinkoteka.cz\/wp-content\/uploads\/2024\/10\/hohpheart.webp",1998,1154,false],"thumbnail":["https:\/\/drinkoteka.cz\/wp-content\/uploads\/2024\/10\/hohpheart-150x150.webp",150,150,true],"medium":["https:\/\/drinkoteka.cz\/wp-content\/uploads\/2024\/10\/hohpheart-300x173.webp",300,173,true],"medium_large":["https:\/\/drinkoteka.cz\/wp-content\/uploads\/2024\/10\/hohpheart-768x444.webp",768,444,true],"large":["https:\/\/drinkoteka.cz\/wp-content\/uploads\/2024\/10\/hohpheart-1024x591.webp",1024,591,true],"1536x1536":["https:\/\/drinkoteka.cz\/wp-content\/uploads\/2024\/10\/hohpheart-1536x887.webp",1536,887,true],"2048x2048":["https:\/\/drinkoteka.cz\/wp-content\/uploads\/2024\/10\/hohpheart.webp",1998,1154,false],"woocommerce_thumbnail":["https:\/\/drinkoteka.cz\/wp-content\/uploads\/2024\/10\/hohpheart-300x300.webp",300,300,true],"woocommerce_single":["https:\/\/drinkoteka.cz\/wp-content\/uploads\/2024\/10\/hohpheart-300x173.webp",300,173,true],"woocommerce_gallery_thumbnail":["https:\/\/drinkoteka.cz\/wp-content\/uploads\/2024\/10\/hohpheart-100x100.webp",100,100,true],"dgwt-wcas-product-suggestion":["https:\/\/drinkoteka.cz\/wp-content\/uploads\/2024\/10\/hohpheart-64x37.webp",64,37,true]},"uagb_author_info":{"display_name":"admin","author_link":"https:\/\/drinkoteka.cz\/obchod\/author\/"},"uagb_comment_info":0,"uagb_excerpt":"Toto pivo kombinuje nejlep\u0161\u00ed tradice na\u0161eho pivovaru. Z\u00e1klad z jecn\u00e9ho, p\u0161enicn\u00e9ho a ovesn\u00e9ho sladu jsme doplnili tremi ruzn\u00fdmi chmely: Vic Secret, Mosaic a Galaxy, a fermentovali jsme ho s nejlep\u0161\u00edmi kvasnicemi z laboratore White Labs. Kr\u00e9mov\u00e1 a \u0161tavnat\u00e1 IPA s pr\u00edjemn\u00fdm aroma divok\u00fdch hroznu a intenzivn\u00ed citrusovou chut\u00ed nenech\u00e1 \u017e\u00e1dn\u00e9ho milovn\u00edka New England IPA chladn\u00fdm","_links":{"self":[{"href":"https:\/\/drinkoteka.cz\/obchod\/wp-json\/wp\/v2\/product\/3869","targetHints":{"allow":["GET"]}}],"collection":[{"href":"https:\/\/drinkoteka.cz\/obchod\/wp-json\/wp\/v2\/product"}],"about":[{"href":"https:\/\/drinkoteka.cz\/obchod\/wp-json\/wp\/v2\/types\/product"}],"replies":[{"embeddable":true,"href":"https:\/\/drinkoteka.cz\/obchod\/wp-json\/wp\/v2\/comments?post=3869"}],"wp:featuredmedia":[{"embeddable":true,"href":"https:\/\/drinkoteka.cz\/obchod\/wp-json\/wp\/v2\/media\/3871"}],"wp:attachment":[{"href":"https:\/\/drinkoteka.cz\/obchod\/wp-json\/wp\/v2\/media?parent=3869"}],"wp:term":[{"taxonomy":"product_brand","embeddable":true,"href":"https:\/\/drinkoteka.cz\/obchod\/wp-json\/wp\/v2\/product_brand?post=3869"},{"taxonomy":"product_cat","embeddable":true,"href":"https:\/\/drinkoteka.cz\/obchod\/wp-json\/wp\/v2\/product_cat?post=3869"},{"taxonomy":"product_tag","embeddable":true,"href":"https:\/\/drinkoteka.cz\/obchod\/wp-json\/wp\/v2\/product_tag?post=3869"}],"curies":[{"name":"wp","href":"https:\/\/api.w.org\/{rel}","templated":true}]}}