{"id":6176,"date":"2026-03-06T08:52:07","date_gmt":"2026-03-06T08:52:07","guid":{"rendered":"https:\/\/drinkoteka.cz\/obchod\/?page_id=6176"},"modified":"2026-03-06T08:52:08","modified_gmt":"2026-03-06T08:52:08","slug":"best-breweries-in-prague-czech-republic-by-beer-geeks","status":"publish","type":"page","link":"https:\/\/drinkoteka.cz\/obchod\/best-breweries-in-prague-czech-republic-by-beer-geeks\/","title":{"rendered":"Best Breweries in Prague Czech Republic by Beer Geeks"},"content":{"rendered":"\n<section class=\"untappd-top10\">\n  <h2>Top 10 Czech Craft breweries According to Untappd<\/h2>\n  <p>Source: Untappd (Top Rated Breweries, Czech Republic). Rankings and ratings are dynamic and may change over time.<\/p>\n\n  <ol>\n    <li><a href=\"https:\/\/untappd.com\/JBMBrewLab\" target=\"_blank\" rel=\"noopener\">JBM Brew Lab<\/a> (3.93)<\/li>\n    <li><a href=\"https:\/\/untappd.com\/Nozib\" target=\"_blank\" rel=\"noopener\">NOZIB Special Brews<\/a> (3.91)<\/li>\n    <li><a href=\"https:\/\/untappd.com\/TheBarnBeerCo\" target=\"_blank\" rel=\"noopener\">The Barn Beer Co.<\/a> (3.91)<\/li>\n    <li><a href=\"https:\/\/untappd.com\/TamTamBrewingCo\" target=\"_blank\" rel=\"noopener\">TamTam Brewing Co.<\/a> (3.89)<\/li>\n    <li><a href=\"https:\/\/untappd.com\/cernypotoka\" target=\"_blank\" rel=\"noopener\">\u010dern\u00fd potoka<\/a> (3.84)<\/li>\n    <li><a href=\"https:\/\/untappd.com\/pivovarZichovec\" target=\"_blank\" rel=\"noopener\">Zichovec<\/a> (3.83)<\/li>\n    <li><a href=\"https:\/\/untappd.com\/w\/pivovar-clock\/133692\" target=\"_blank\" rel=\"noopener\">Clock<\/a> (3.82)<\/li>\n    <li><a href=\"https:\/\/untappd.com\/PivovarMatuska\" target=\"_blank\" rel=\"noopener\">Matu\u0161ka<\/a> (3.80)<\/li>\n    <li><a href=\"https:\/\/untappd.com\/PivovarPermon\" target=\"_blank\" rel=\"noopener\">Permon<\/a> (3.78)<\/li>\n    <li><a href=\"https:\/\/untappd.com\/PivovarFalkon\" target=\"_blank\" rel=\"noopener\">Falkon<\/a> (3.77)<\/li>\n  <\/ol>\n\n  <p>Several breweries from this list are available at Drink\u00f8t\u00e9ka right now. We rotate taps weekly based on this ranking.<\/p>\n\n  <p class=\"untappd-cta\">\n    <a href=\"https:\/\/drinkoteka.cz\/#OnTap\" class=\"cta-link\">View current <b>beer menu<\/b> at Drink\u00f8t\u00e9ka<\/a>\n  <\/p>\n\n  <p class=\"untappd-cta-note\">Tap list changes daily. Small batches.<\/p>\n<\/section>\n\n<h2>FAQ<\/h2>\n<h3>Is this an editorial or sponsored ranking?<\/h3>\n<p>No. This ranking is entirely data-driven and based on Untappd user ratings.<\/p>\n\n<h3>Can I try these beers in one place?<\/h3>\n<p>Yes. We rotate beers from top-rated Czech breweries at Drink\u00f8t\u00e9ka.<\/p>\n\n<h3>Is this ranking updated automatically?<\/h3>\n<p>Yes. The data is refreshed regularly based on live Untappd ratings.<\/p>\n\n<h3>Why are sour-only breweries excluded?<\/h3>\n<p>Sour-focused breweries form a highly specialised category and are covered separately.<\/p>\n\n<h3>How is this ranking calculated?<\/h3>\n<p>The ranking is based on aggregated Untappd user ratings pulled via the Untappd API. There are no editorial picks or manual adjustments.<\/p>\n\n<script type=\"application\/ld+json\">\n{\n  \"@context\": \"https:\/\/schema.org\",\n  \"@type\": \"FAQPage\",\n  \"mainEntity\": [\n    {\n      \"@type\": \"Question\",\n      \"name\": \"How is this ranking calculated?\",\n      \"acceptedAnswer\": {\n        \"@type\": \"Answer\",\n        \"text\": \"The ranking is based on aggregated Untappd user ratings pulled via the Untappd API. There are no editorial picks or manual adjustments.\"\n      }\n    },\n    {\n      \"@type\": \"Question\",\n      \"name\": \"Is this ranking updated automatically?\",\n      \"acceptedAnswer\": {\n        \"@type\": \"Answer\",\n        \"text\": \"Yes. The data is refreshed regularly based on live Untappd ratings.\"\n      }\n    },\n    {\n      \"@type\": \"Question\",\n      \"name\": \"Can I try these beers in one place?\",\n      \"acceptedAnswer\": {\n        \"@type\": \"Answer\",\n        \"text\": \"Yes. We rotate beers from top-rated Czech breweries at Drink\u00f8t\u00e9ka.\"\n      }\n    },\n    {\n      \"@type\": \"Question\",\n      \"name\": \"Why are sour-only breweries excluded?\",\n      \"acceptedAnswer\": {\n        \"@type\": \"Answer\",\n        \"text\": \"Sour-focused breweries form a highly specialised category and are covered separately.\"\n      }\n    },\n    {\n      \"@type\": \"Question\",\n      \"name\": \"Is this an editorial or sponsored ranking?\",\n      \"acceptedAnswer\": {\n        \"@type\": \"Answer\",\n        \"text\": \"No. This ranking is entirely data-driven and based on Untappd user ratings.\"\n      }\n    }\n  ]\n}\n<\/script>\n\n<script type=\"application\/ld+json\">\n{\n  \"@context\": \"https:\/\/schema.org\",\n  \"@type\": \"ItemList\",\n  \"name\": \"Top 10 Czech Breweries According to Untappd\",\n  \"description\": \"A dynamic ranking based on aggregated Untappd user ratings. Ratings may change over time.\",\n  \"itemListOrder\": \"https:\/\/schema.org\/ItemListOrderDescending\",\n  \"numberOfItems\": 10,\n  \"itemListElement\": [\n    {\n      \"@type\": \"ListItem\",\n      \"position\": 1,\n      \"item\": {\n        \"@type\": \"Brewery\",\n        \"name\": \"JBM Brew Lab\",\n        \"url\": \"https:\/\/untappd.com\/JBMBrewLab\",\n        \"aggregateRating\": {\n          \"@type\": \"AggregateRating\",\n          \"ratingValue\": \"3.93\",\n          \"ratingCount\": 7156,\n          \"bestRating\": \"5\",\n          \"worstRating\": \"1\"\n        }\n      }\n    },\n    {\n      \"@type\": \"ListItem\",\n      \"position\": 2,\n      \"item\": {\n        \"@type\": \"Brewery\",\n        \"name\": \"NOZIB Special Brews\",\n        \"url\": \"https:\/\/untappd.com\/Nozib\",\n        \"aggregateRating\": {\n          \"@type\": \"AggregateRating\",\n          \"ratingValue\": \"3.91\",\n          \"ratingCount\": 29034,\n          \"bestRating\": \"5\",\n          \"worstRating\": \"1\"\n        }\n      }\n    },\n    {\n      \"@type\": \"ListItem\",\n      \"position\": 3,\n      \"item\": {\n        \"@type\": \"Brewery\",\n        \"name\": \"The Barn Beer Co.\",\n        \"url\": \"https:\/\/untappd.com\/TheBarnBeerCo\",\n        \"aggregateRating\": {\n          \"@type\": \"AggregateRating\",\n          \"ratingValue\": \"3.91\",\n          \"ratingCount\": 13115,\n          \"bestRating\": \"5\",\n          \"worstRating\": \"1\"\n        }\n      }\n    },\n    {\n      \"@type\": \"ListItem\",\n      \"position\": 4,\n      \"item\": {\n        \"@type\": \"Brewery\",\n        \"name\": \"TamTam Brewing Co.\",\n        \"url\": \"https:\/\/untappd.com\/TamTamBrewingCo\",\n        \"aggregateRating\": {\n          \"@type\": \"AggregateRating\",\n          \"ratingValue\": \"3.89\",\n          \"ratingCount\": 7243,\n          \"bestRating\": \"5\",\n          \"worstRating\": \"1\"\n        }\n      }\n    },\n    {\n      \"@type\": \"ListItem\",\n      \"position\": 5,\n      \"item\": {\n        \"@type\": \"Brewery\",\n        \"name\": \"\u010dern\u00fd potoka\",\n        \"url\": \"https:\/\/untappd.com\/cernypotoka\",\n        \"aggregateRating\": {\n          \"@type\": \"AggregateRating\",\n          \"ratingValue\": \"3.84\",\n          \"ratingCount\": 28075,\n          \"bestRating\": \"5\",\n          \"worstRating\": \"1\"\n        }\n      }\n    },\n    {\n      \"@type\": \"ListItem\",\n      \"position\": 6,\n      \"item\": {\n        \"@type\": \"Brewery\",\n        \"name\": \"Zichovec\",\n        \"url\": \"https:\/\/untappd.com\/pivovarZichovec\",\n        \"aggregateRating\": {\n          \"@type\": \"AggregateRating\",\n          \"ratingValue\": \"3.83\",\n          \"ratingCount\": 359923,\n          \"bestRating\": \"5\",\n          \"worstRating\": \"1\"\n        }\n      }\n    },\n    {\n      \"@type\": \"ListItem\",\n      \"position\": 7,\n      \"item\": {\n        \"@type\": \"Brewery\",\n        \"name\": \"Clock\",\n        \"url\": \"https:\/\/untappd.com\/w\/pivovar-clock\/133692\",\n        \"aggregateRating\": {\n          \"@type\": \"AggregateRating\",\n          \"ratingValue\": \"3.82\",\n          \"ratingCount\": 75406,\n          \"bestRating\": \"5\",\n          \"worstRating\": \"1\"\n        }\n      }\n    },\n    {\n      \"@type\": \"ListItem\",\n      \"position\": 8,\n      \"item\": {\n        \"@type\": \"Brewery\",\n        \"name\": \"Matu\u0161ka\",\n        \"url\": \"https:\/\/untappd.com\/PivovarMatuska\",\n        \"aggregateRating\": {\n          \"@type\": \"AggregateRating\",\n          \"ratingValue\": \"3.80\",\n          \"ratingCount\": 89487,\n          \"bestRating\": \"5\",\n          \"worstRating\": \"1\"\n        }\n      }\n    },\n    {\n      \"@type\": \"ListItem\",\n      \"position\": 9,\n      \"item\": {\n        \"@type\": \"Brewery\",\n        \"name\": \"Permon\",\n        \"url\": \"https:\/\/untappd.com\/PivovarPermon\",\n        \"aggregateRating\": {\n          \"@type\": \"AggregateRating\",\n          \"ratingValue\": \"3.78\",\n          \"ratingCount\": 74528,\n          \"bestRating\": \"5\",\n          \"worstRating\": \"1\"\n        }\n      }\n    },\n    {\n      \"@type\": \"ListItem\",\n      \"position\": 10,\n      \"item\": {\n        \"@type\": \"Brewery\",\n        \"name\": \"Falkon\",\n        \"url\": \"https:\/\/untappd.com\/PivovarFalkon\",\n        \"aggregateRating\": {\n          \"@type\": \"AggregateRating\",\n          \"ratingValue\": \"3.77\",\n          \"ratingCount\": 42400,\n          \"bestRating\": \"5\",\n          \"worstRating\": \"1\"\n        }\n      }\n    }\n  ]\n}\n<\/script>\n\n<style>\n.untappd-cta {\n  margin-top: 1rem;\n  margin-bottom: 0.5rem;\n}\n.untappd-cta .cta-link {\n  display: inline-block;\n  padding: 0.6rem 1rem;\n  border: 1px solid #000;\n  text-decoration: none;\n  font-weight: 500;\n}\n.untappd-cta .cta-link:hover {\n  background: #000;\n  color: #fff;\n}\n.untappd-cta-note {\n  margin-top: 0;\n  font-size: 0.95em;\n  opacity: 0.85;\n}\n<\/style>\n\n\n\n<p><\/p>\n","protected":false},"excerpt":{"rendered":"<p>Top 10 Czech Craft breweries According to Untappd Source: Untappd (Top Rated Breweries, Czech Republic). Rankings and ratings are dynamic and may change over time. JBM Brew Lab (3.93) NOZIB Special Brews (3.91) The Barn Beer Co. (3.91) TamTam Brewing Co. (3.89) \u010dern\u00fd potoka (3.84) Zichovec (3.83) Clock (3.82) Matu\u0161ka (3.80) Permon (3.78) Falkon (3.77) [&hellip;]<\/p>\n","protected":false},"author":1,"featured_media":0,"parent":0,"menu_order":0,"comment_status":"closed","ping_status":"closed","template":"","meta":{"_uag_custom_page_level_css":"","site-sidebar-layout":"default","site-content-layout":"","ast-site-content-layout":"default","site-content-style":"default","site-sidebar-style":"default","ast-global-header-display":"","ast-banner-title-visibility":"","ast-main-header-display":"","ast-hfb-above-header-display":"","ast-hfb-below-header-display":"","ast-hfb-mobile-header-display":"","site-post-title":"","ast-breadcrumbs-content":"","ast-featured-img":"","footer-sml-layout":"","ast-disable-related-posts":"","theme-transparent-header-meta":"","adv-header-id-meta":"","stick-header-meta":"","header-above-stick-meta":"","header-main-stick-meta":"","header-below-stick-meta":"","astra-migrate-meta-layouts":"set","ast-page-background-enabled":"default","ast-page-background-meta":{"desktop":{"background-color":"var(--ast-global-color-4)","background-image":"","background-repeat":"repeat","background-position":"center center","background-size":"auto","background-attachment":"scroll","background-type":"","background-media":"","overlay-type":"","overlay-color":"","overlay-opacity":"","overlay-gradient":""},"tablet":{"background-color":"","background-image":"","background-repeat":"repeat","background-position":"center center","background-size":"auto","background-attachment":"scroll","background-type":"","background-media":"","overlay-type":"","overlay-color":"","overlay-opacity":"","overlay-gradient":""},"mobile":{"background-color":"","background-image":"","background-repeat":"repeat","background-position":"center center","background-size":"auto","background-attachment":"scroll","background-type":"","background-media":"","overlay-type":"","overlay-color":"","overlay-opacity":"","overlay-gradient":""}},"ast-content-background-meta":{"desktop":{"background-color":"var(--ast-global-color-5)","background-image":"","background-repeat":"repeat","background-position":"center center","background-size":"auto","background-attachment":"scroll","background-type":"","background-media":"","overlay-type":"","overlay-color":"","overlay-opacity":"","overlay-gradient":""},"tablet":{"background-color":"var(--ast-global-color-5)","background-image":"","background-repeat":"repeat","background-position":"center center","background-size":"auto","background-attachment":"scroll","background-type":"","background-media":"","overlay-type":"","overlay-color":"","overlay-opacity":"","overlay-gradient":""},"mobile":{"background-color":"var(--ast-global-color-5)","background-image":"","background-repeat":"repeat","background-position":"center center","background-size":"auto","background-attachment":"scroll","background-type":"","background-media":"","overlay-type":"","overlay-color":"","overlay-opacity":"","overlay-gradient":""}},"footnotes":""},"class_list":["post-6176","page","type-page","status-publish","hentry"],"uagb_featured_image_src":{"full":false,"thumbnail":false,"medium":false,"medium_large":false,"large":false,"1536x1536":false,"2048x2048":false,"woocommerce_thumbnail":false,"woocommerce_single":false,"woocommerce_gallery_thumbnail":false,"dgwt-wcas-product-suggestion":false},"uagb_author_info":{"display_name":"admin","author_link":"https:\/\/drinkoteka.cz\/obchod\/author\/admin\/"},"uagb_comment_info":0,"uagb_excerpt":"Top 10 Czech Craft breweries According to Untappd Source: Untappd (Top Rated Breweries, Czech Republic). Rankings and ratings are dynamic and may change over time. JBM Brew Lab (3.93) NOZIB Special Brews (3.91) The Barn Beer Co. (3.91) TamTam Brewing Co. (3.89) \u010dern\u00fd potoka (3.84) Zichovec (3.83) Clock (3.82) Matu\u0161ka (3.80) Permon (3.78) Falkon (3.77)&hellip;","_links":{"self":[{"href":"https:\/\/drinkoteka.cz\/obchod\/wp-json\/wp\/v2\/pages\/6176","targetHints":{"allow":["GET"]}}],"collection":[{"href":"https:\/\/drinkoteka.cz\/obchod\/wp-json\/wp\/v2\/pages"}],"about":[{"href":"https:\/\/drinkoteka.cz\/obchod\/wp-json\/wp\/v2\/types\/page"}],"author":[{"embeddable":true,"href":"https:\/\/drinkoteka.cz\/obchod\/wp-json\/wp\/v2\/users\/1"}],"replies":[{"embeddable":true,"href":"https:\/\/drinkoteka.cz\/obchod\/wp-json\/wp\/v2\/comments?post=6176"}],"version-history":[{"count":0,"href":"https:\/\/drinkoteka.cz\/obchod\/wp-json\/wp\/v2\/pages\/6176\/revisions"}],"wp:attachment":[{"href":"https:\/\/drinkoteka.cz\/obchod\/wp-json\/wp\/v2\/media?parent=6176"}],"curies":[{"name":"wp","href":"https:\/\/api.w.org\/{rel}","templated":true}]}}