{"id":331,"date":"2022-12-28T23:46:36","date_gmt":"2022-12-28T23:46:36","guid":{"rendered":"https:\/\/www.drinkoteka.cz\/?page_id=331"},"modified":"2026-04-04T07:57:59","modified_gmt":"2026-04-04T07:57:59","slug":"kontakt","status":"publish","type":"page","link":"https:\/\/drinkoteka.cz\/obchod\/kontakt\/","title":{"rendered":"Kontakt"},"content":{"rendered":"\n<p>Prodejna: <br><strong>Ra\u0161\u00ednovo n\u00e1b\u0159. 384\/56<\/strong><br><strong>128 00 Praha <\/strong><\/p>\n\n\n\n<p class=\"has-text-align-left\"><strong>Otev\u00edrac\u00ed doba<\/strong><br>Po-P\u00e1 : 15\u201322<\/p>\n\n\n\n<p>So : 12\u201322<\/p>\n\n\n\n<p class=\"has-text-align-left\">Ne : zav\u0159eno<\/p>\n\n\n\n<p><br><strong>Drinkoteka s.r.o.<\/strong><br>I\u010cO 17677238<br>DI\u010c CZ17677238<br>S\u00eddlo: Tluma\u010dovsk\u00e1 2766\/26a, 155 00, Praha &#8211; Stod\u016flky<br>info@drinkoteka.cz<br>tel. +420 774 643 078<\/p>\n\n\n\n<div style=\"\n-webkit-filter: grayscale(100%);\nfilter: grayscale(100%);\">\n\n<iframe src=\"https:\/\/www.google.com\/maps\/embed?pb=!1m14!1m8!1m3!1d4575.935174764247!2d14.41249681888876!3d50.072244860657776!3m2!1i1024!2i768!4f13.1!3m3!1m2!1s0x0%3A0x65a936136be73532!2sDrink%C3%B8t%C3%A9ka%20Tasting%20Room!5e0!3m2!1sen!2scz!4v1673275384841!5m2!1sen!2scz\" style=\"border:0;\" allowfullscreen=\"\" loading=\"lazy\" referrerpolicy=\"no-referrer-when-downgrade\" width=\"100%\" height=\"450\"><\/iframe>\n\n<\/div>\n","protected":false},"excerpt":{"rendered":"<p>Prodejna: Ra\u0161\u00ednovo n\u00e1b\u0159. 384\/56128 00 Praha Otev\u00edrac\u00ed dobaPo-P\u00e1 : 15\u201322 So : 12\u201322 Ne : zav\u0159eno Drinkoteka s.r.o.I\u010cO 17677238DI\u010c CZ17677238S\u00eddlo: Tluma\u010dovsk\u00e1 2766\/26a, 155 00, Praha &#8211; Stod\u016flkyinfo@drinkoteka.cztel. +420 774 643 078<\/p>\n","protected":false},"author":1,"featured_media":0,"parent":0,"menu_order":0,"comment_status":"closed","ping_status":"closed","template":"","meta":{"_uag_custom_page_level_css":"","site-sidebar-layout":"default","site-content-layout":"","ast-site-content-layout":"default","site-content-style":"default","site-sidebar-style":"default","ast-global-header-display":"","ast-banner-title-visibility":"","ast-main-header-display":"","ast-hfb-above-header-display":"","ast-hfb-below-header-display":"","ast-hfb-mobile-header-display":"","site-post-title":"","ast-breadcrumbs-content":"","ast-featured-img":"","footer-sml-layout":"","ast-disable-related-posts":"","theme-transparent-header-meta":"","adv-header-id-meta":"","stick-header-meta":"","header-above-stick-meta":"","header-main-stick-meta":"","header-below-stick-meta":"","astra-migrate-meta-layouts":"set","ast-page-background-enabled":"default","ast-page-background-meta":{"desktop":{"background-color":"var(--ast-global-color-4)","background-image":"","background-repeat":"repeat","background-position":"center center","background-size":"auto","background-attachment":"scroll","background-type":"","background-media":"","overlay-type":"","overlay-color":"","overlay-opacity":"","overlay-gradient":""},"tablet":{"background-color":"","background-image":"","background-repeat":"repeat","background-position":"center center","background-size":"auto","background-attachment":"scroll","background-type":"","background-media":"","overlay-type":"","overlay-color":"","overlay-opacity":"","overlay-gradient":""},"mobile":{"background-color":"","background-image":"","background-repeat":"repeat","background-position":"center center","background-size":"auto","background-attachment":"scroll","background-type":"","background-media":"","overlay-type":"","overlay-color":"","overlay-opacity":"","overlay-gradient":""}},"ast-content-background-meta":{"desktop":{"background-color":"var(--ast-global-color-5)","background-image":"","background-repeat":"repeat","background-position":"center center","background-size":"auto","background-attachment":"scroll","background-type":"","background-media":"","overlay-type":"","overlay-color":"","overlay-opacity":"","overlay-gradient":""},"tablet":{"background-color":"var(--ast-global-color-5)","background-image":"","background-repeat":"repeat","background-position":"center center","background-size":"auto","background-attachment":"scroll","background-type":"","background-media":"","overlay-type":"","overlay-color":"","overlay-opacity":"","overlay-gradient":""},"mobile":{"background-color":"var(--ast-global-color-5)","background-image":"","background-repeat":"repeat","background-position":"center center","background-size":"auto","background-attachment":"scroll","background-type":"","background-media":"","overlay-type":"","overlay-color":"","overlay-opacity":"","overlay-gradient":""}},"footnotes":""},"class_list":["post-331","page","type-page","status-publish","hentry"],"uagb_featured_image_src":{"full":false,"thumbnail":false,"medium":false,"medium_large":false,"large":false,"1536x1536":false,"2048x2048":false,"woocommerce_thumbnail":false,"woocommerce_single":false,"woocommerce_gallery_thumbnail":false,"dgwt-wcas-product-suggestion":false},"uagb_author_info":{"display_name":"admin","author_link":"https:\/\/drinkoteka.cz\/obchod\/author\/admin\/"},"uagb_comment_info":0,"uagb_excerpt":"Prodejna: Ra\u0161\u00ednovo n\u00e1b\u0159. 384\/56128 00 Praha Otev\u00edrac\u00ed dobaPo-P\u00e1 : 15\u201322 So : 12\u201322 Ne : zav\u0159eno Drinkoteka s.r.o.I\u010cO 17677238DI\u010c CZ17677238S\u00eddlo: Tluma\u010dovsk\u00e1 2766\/26a, 155 00, Praha &#8211; Stod\u016flkyinfo@drinkoteka.cztel. +420 774 643 078","_links":{"self":[{"href":"https:\/\/drinkoteka.cz\/obchod\/wp-json\/wp\/v2\/pages\/331","targetHints":{"allow":["GET"]}}],"collection":[{"href":"https:\/\/drinkoteka.cz\/obchod\/wp-json\/wp\/v2\/pages"}],"about":[{"href":"https:\/\/drinkoteka.cz\/obchod\/wp-json\/wp\/v2\/types\/page"}],"author":[{"embeddable":true,"href":"https:\/\/drinkoteka.cz\/obchod\/wp-json\/wp\/v2\/users\/1"}],"replies":[{"embeddable":true,"href":"https:\/\/drinkoteka.cz\/obchod\/wp-json\/wp\/v2\/comments?post=331"}],"version-history":[{"count":0,"href":"https:\/\/drinkoteka.cz\/obchod\/wp-json\/wp\/v2\/pages\/331\/revisions"}],"wp:attachment":[{"href":"https:\/\/drinkoteka.cz\/obchod\/wp-json\/wp\/v2\/media?parent=331"}],"curies":[{"name":"wp","href":"https:\/\/api.w.org\/{rel}","templated":true}]}}