{"id":1800,"date":"2023-02-05T15:25:19","date_gmt":"2023-02-05T15:25:19","guid":{"rendered":"https:\/\/drinkoteka.cz\/?page_id=1800"},"modified":"2024-10-06T13:20:46","modified_gmt":"2024-10-06T13:20:46","slug":"podminky-ochrany-osobnich-udaju","status":"publish","type":"page","link":"https:\/\/drinkoteka.cz\/obchod\/podminky-ochrany-osobnich-udaju\/","title":{"rendered":"Podm\u00ednky ochrany osobn\u00edch \u00fadaj\u016f"},"content":{"rendered":"\n<p>Jsme spole\u010dnost Drinkoteka s.r.o.<br>I\u010cO 17677238<\/p>\n\n\n\n<p>S\u00eddlo: Tluma\u010dovsk\u00e1 2766\/26a, 155 00, Praha \u2013 Stod\u016flky<br>info@drinkoteka.cz<br>tel. +420 774 643 078<br>Provozujeme e-shop na webov\u00fdch str\u00e1nk\u00e1ch drinkoteka.cz<br><br>Pro poskytov\u00e1n\u00ed na\u0161ich slu\u017eeb, prodej zbo\u017e\u00ed a provoz na\u0161ich webov\u00fdch str\u00e1nek zpracov\u00e1v\u00e1me n\u011bkter\u00e9 osobn\u00ed \u00fadaje.<br>Zpracov\u00e1n\u00ed osobn\u00edch \u00fadaj\u016f upravuje zejm\u00e9na na\u0159\u00edzen\u00ed Evropsk\u00e9ho parlamentu a Rady (EU) 2016\/679 ze dne 27. dubna 2016 o ochran\u011b fyzick\u00fdch sobo v souvislosti se zpracov\u00e1n\u00edm osobn\u00edch \u00fadaj\u016f a o voln\u00e9m pohybu t\u011bchto \u00fadaj\u016f a o zru\u0161en\u00ed sm\u011brnice 95\/46\/ES (obecn\u00e9 na\u0159\u00edzen\u00ed o ochran\u011b osobn\u00edch \u00fadaj\u016f) (\u201eGDPR\u201c)<br><br><strong>I. Zpracov\u00e1n\u00ed osobn\u00edch \u00fadaj\u016f<\/strong><br><strong>A. Zpracov\u00e1n\u00ed osobn\u00edch \u00fadaj\u016f v p\u0159\u00edpad\u011b pou\u017eit\u00ed kontaktn\u00edho formul\u00e1\u0159e<\/strong><br>Pokud popt\u00e1v\u00e1te na\u0161e produkty a slu\u017eby, budeme pracovat s va\u0161imi kontaktn\u00edmi \u00fadaji, kter\u00e9 n\u00e1m sd\u011bl\u00edte, hlavn\u011b prost\u0159ednictv\u00edm objedn\u00e1vkov\u00e9ho formul\u00e1\u0159e. Jsou to: jm\u00e9no a p\u0159\u00edjmen\u00ed, e-mailov\u00e1 adresa, informace o zbo\u017e\u00ed.<br><br>Z jak\u00e9ho d\u016fvodu?<br>Kontaktujeme v\u00e1s p\u0159es n\u011b pro dal\u0161\u00ed domluvu ohledn\u011b zbo\u017e\u00ed a slu\u017eeb.<br><br>Na z\u00e1klad\u011b jak\u00e9ho pr\u00e1vn\u00edho d\u016fvodu?<br>Jedn\u00e1 se o zpracov\u00e1n\u00ed na z\u00e1klad\u011b \u010dl. 6 odst. 1 p\u00edsm. b) GDPR \u2013 jedn\u00e1n\u00ed o smlouv\u011b, resp. proveden\u00ed opat\u0159en\u00ed p\u0159ed uzav\u0159en\u00edm smlouvy na va\u0161i \u017e\u00e1dost.<br><br>Jak dlouho budeme osobn\u00ed \u00fadaje zpracov\u00e1vat?<br>Pokud nenav\u00e1\u017eeme dal\u0161\u00ed spolupr\u00e1ci, va\u0161e data budeme zpracov\u00e1vat nejd\u00e9le 365 dn\u00ed od na\u0161\u00ed posledn\u00ed komunikace.<br><br><strong>B. Zpracov\u00e1n\u00ed osobn\u00edch \u00fadaj\u016f v p\u0159\u00edpad\u011b n\u00e1kupu<\/strong><br>Pokud u n\u00e1s nakoup\u00edte, budeme pracovat s \u00fadaji, kter\u00e9 n\u00e1m vypln\u00edte. Jsou to hlavn\u011b faktura\u010dn\u00ed \u00fadaje: jm\u00e9no, p\u0159\u00edjmen\u00ed, adresa, tel. \u010dislo.<br><br>Z jak\u00e9ho d\u016fvodu?<br>Osobn\u00ed \u00fadaje pot\u0159ebujeme zpracovat, abychom splnili na\u0161i smlouvu \u2013 dodali v\u00e1m na\u0161e zbo\u017e\u00ed nebo slu\u017eby. P\u0159es kontaktn\u00ed \u00fadaje s v\u00e1mi budeme tak\u00e9 komunikovat ohledn\u011b stavu va\u0161\u00ed objedn\u00e1vky, p\u0159\u00edpadn\u011b ohledn\u011b reklamac\u00ed nebo va\u0161ich dotaz\u016f. Osobn\u00ed \u00fadaje budeme d\u00e1le zpracov\u00e1vat pro spln\u011bn\u00ed na\u0161ich povinnost\u00ed, kter\u00e9 n\u00e1m plynou ze z\u00e1kona (hlavn\u011b pro \u00fa\u010detn\u00ed a da\u0148ov\u00e9 \u00fa\u010dely, p\u0159\u00edpadn\u011b pro vy\u0159\u00edzen\u00ed reklamac\u00ed a jin\u00e9).<br><br>Na z\u00e1klad\u011b jak\u00e9ho pr\u00e1vn\u00edho d\u016fvodu osobn\u00ed \u00fadaje zpracov\u00e1v\u00e1me?<br>Jedn\u00e1 se o zpracov\u00e1n\u00ed na z\u00e1klad\u011b \u010dl. 6 odst. 1 p\u00edsm. b) GDPR \u2013 pln\u011bn\u00ed smlouvy a \u010dl. 6 odst. 1 p\u00edsm. c) GDPR \u2013 pln\u011bn\u00ed na\u0161\u00ed pr\u00e1vn\u00ed povinnosti.<br><br>Jak dlouho budeme osobn\u00ed \u00fadaje zpracov\u00e1vat?<br>Po dobu pln\u011bn\u00ed na\u0161\u00ed slu\u017eby a pot\u00e9 365 dn\u00ed od posledn\u00edho poskytnut\u00ed takov\u00e9 slu\u017eby nebo dod\u00e1n\u00ed zbo\u017e\u00ed.<br><br><strong>C. Newslettery (obchodn\u00ed sd\u011blen\u00ed)<\/strong><br>Pokud jste nakupuj\u00edc\u00ed z\u00e1kazn\u00edk a nezak\u00e1zali jste n\u00e1m to p\u0159i n\u00e1kupu, pou\u017eijeme va\u0161i e-mailovou adresu pro rozes\u00edlku na\u0161ich novinek.<br><br>Na z\u00e1klad\u011b jak\u00e9ho pr\u00e1vn\u00edho d\u016fvodu?<br>Umo\u017e\u0148uje n\u00e1m to ust. \u00a7 7 odst. 3 z\u00e1kona \u010d. 480\/2004 Sb., o n\u011bkter\u00fdch slu\u017eb\u00e1ch informa\u010dn\u00ed spole\u010dnosti, pokud jste n\u00e1m to p\u0159i n\u00e1kupu nezak\u00e1zali.<br>Jak dlouho budeme osobn\u00ed \u00fadaje zpracov\u00e1vat?<br>5 rok\/let od va\u0161eho posledn\u00edho n\u00e1kupu. Z rozes\u00edlky se m\u016f\u017eete kdykoliv odhl\u00e1sit prost\u0159ednictv\u00edm e-mailu nebo n\u00e1s kontaktujte na e-mailu: \u2026\u2026\u2026\u2026\u2026\u2026\u2026\u2026<br><br><strong>II. Kdo se k dat\u016fm dostane?<\/strong><br>Va\u0161e data z\u016fstanou u n\u00e1s. <br>P\u0159esto pro n\u00e1s pracuj\u00ed n\u011bkter\u00e9 spole\u010dnosti nebo jin\u00e9 osoby, kter\u00e9 se k dat\u016fm dostanou proto, \u017ee n\u00e1m pom\u00e1haj\u00ed s chodem na\u0161eho e-shopu. Jsou to: <br>\u2022 spole\u010dnosti pod\u00edlej\u00edc\u00ed se na expedici zbo\u017e\u00ed Messenger.cz<br>\u2022 spole\u010dnosti pod\u00edlej\u00edc\u00ed se na expedici plateb Comegate, Stripe<br>Osobn\u00ed \u00fadaje zpracov\u00e1v\u00e1me pouze na \u00fazem\u00ed Evropsk\u00e9 unie.<br><br><strong>III. Co byste d\u00e1l m\u011bli v\u011bd\u011bt<\/strong><br>Va\u0161e osobn\u00ed \u00fadaje se d\u00e1le mohou dostat k t\u011bmto dal\u0161\u00edm subjekt\u016fm:<br>V na\u0161\u00ed spole\u010dnosti nem\u00e1me jmenovan\u00e9ho pov\u011b\u0159ence pro ochranu osobn\u00edch \u00fadaj\u016f.<br>V na\u0161\u00ed spole\u010dnosti nedoch\u00e1z\u00ed k rozhodov\u00e1n\u00ed na z\u00e1klad\u011b automatick\u00e9ho zpracov\u00e1n\u00ed \u010di profilov\u00e1n\u00ed.<br>Pokud byste m\u011bli k osobn\u00edm \u00fadaj\u016fm ot\u00e1zky, kontaktujte n\u00e1s na e-mailov\u00e9 adrese info@drinkoteka.cz nebo zavolejte na tel. \u010d. +420 774 643 078 <br><br><strong>IV. Pou\u017e\u00edv\u00e1n\u00ed soubor\u016f cookies<\/strong><br>Cookies jsou textov\u00e9 soubory obsahuj\u00edc\u00ed mal\u00e9 mno\u017estv\u00ed informac\u00ed, kter\u00e9 se p\u0159i n\u00e1v\u0161t\u011bv\u011b na\u0161ich webov\u00fdch str\u00e1nek stahuj\u00ed do Va\u0161eho za\u0159\u00edzen\u00ed. Soubory cookies se n\u00e1sledn\u011b p\u0159i ka\u017ed\u00e9 dal\u0161\u00ed n\u00e1v\u0161t\u011bv\u011b odes\u00edlaj\u00ed zp\u011bt na webovou str\u00e1nku nebo jinou webovou str\u00e1nku, kter\u00e1 je rozpozn\u00e1.<br>Soubory cookies pln\u00ed r\u016fzn\u00e9 \u00falohy, nap\u0159\u00edklad umo\u017e\u0148uj\u00ed efektivn\u00ed navigaci mezi webov\u00fdmi str\u00e1nkami, zapamatov\u00e1n\u00ed si Va\u0161ich preferenc\u00ed a celkov\u011b zlep\u0161uj\u00ed zku\u0161enost u\u017eivatele. Dok\u00e1\u017eou tak\u00e9 zajistit, aby reklamy zobrazovan\u00e9 on-line byly l\u00e9pe p\u0159izp\u016fsoben\u00e9 Va\u0161\u00ed osob\u011b a Va\u0161\u00edm z\u00e1jm\u016fm.<br><br>Na webov\u00fdch str\u00e1nk\u00e1ch pou\u017e\u00edv\u00e1me n\u00e1sleduj\u00edc\u00ed cookies:<br>\u2022 Nezbytn\u00e9 cookies: jsou zapot\u0159eb\u00ed k provozu webov\u00fdch str\u00e1nek, umo\u017e\u0148uj\u00ed nap\u0159\u00edklad p\u0159ihl\u00e1sit se do zabezpe\u010den\u00fdch \u010d\u00e1st\u00ed str\u00e1nek a dal\u0161\u00ed z\u00e1kladn\u00ed funk\u010dnosti str\u00e1nek. Tato kategorie cookies se ned\u00e1 zak\u00e1zat.<br>\u2022 Analytick\u00e9\/statistick\u00e9 cookies: umo\u017e\u0148uj\u00ed n\u00e1m nap\u0159\u00edklad rozpoznat a zjistit po\u010det n\u00e1v\u0161t\u011bvn\u00edk\u016f a sledovat, jak na\u0161i n\u00e1v\u0161t\u011bvn\u00edci pou\u017e\u00edvaj\u00ed webov\u00e9 str\u00e1nky. Pom\u00e1haj\u00ed n\u00e1m zlep\u0161ovat zp\u016fsob, jak\u00fdm str\u00e1nky funguj\u00ed, nap\u0159\u00edklad tak, \u017ee umo\u017e\u0148uj\u00ed u\u017eivatel\u016fm snadno naj\u00edt to, co hledaj\u00ed. Tyto soubory spou\u0161t\u00edme pouze s Va\u0161\u00edm p\u0159edchoz\u00edm souhlasem.<br>\u2022 Reklamn\u00ed cookies: pou\u017e\u00edvaj\u00ed se ke sledov\u00e1n\u00ed preferenc\u00ed a umo\u017e\u0148uj\u00ed zobrazit reklamu a dal\u0161\u00ed obsah, kter\u00e9 nejl\u00e9pe odpov\u00eddaj\u00ed va\u0161emu z\u00e1jmu a online chov\u00e1n\u00ed. Tyto soubory spou\u0161t\u00edme pouze s Va\u0161\u00edm p\u0159edchoz\u00edm souhlasem.<br><br>Upozor\u0148ujeme, \u017ee t\u0159et\u00ed strany (v\u010detn\u011b nap\u0159. poskytovatel\u016f extern\u00edch slu\u017eeb) mohou rovn\u011b\u017e pou\u017e\u00edvat cookies a\/nebo p\u0159istupovat k \u00fadaj\u016fm shroma\u017e\u010fovan\u00fdm cookies na webov\u00fdch str\u00e1nk\u00e1ch.<br><br>Dal\u0161\u00ed informace o cookies a jejich aktu\u00e1ln\u00ed seznam naleznete prost\u0159ednictv\u00edm jednotliv\u00fdch internetov\u00fdch prohl\u00ed\u017ee\u010d\u016f, nej\u010dast\u011bji v polo\u017ece N\u00e1stroje pro v\u00fdvoj\u00e1\u0159e.<br>Souhlas m\u016f\u017ee b\u00fdt vyj\u00e1d\u0159en prost\u0159ednictv\u00edm za\u0161krt\u00e1vac\u00edho pol\u00ed\u010dka obsa\u017een\u00e9ho v tzv. cookie li\u0161t\u011b. Soubory cookies m\u016f\u017eete i n\u00e1sledn\u011b v nastaven\u00ed sv\u00e9ho internetov\u00e9ho prohl\u00ed\u017ee\u010de odm\u00edtnout, nebo si nastavit u\u017e\u00edv\u00e1n\u00ed jen n\u011bkter\u00fdch.<br>Dal\u0161\u00ed informace o spr\u00e1v\u011b cookies v jednotliv\u00fdch prohl\u00ed\u017ee\u010d\u00edch naleznete na n\u00e1sleduj\u00edc\u00edch odkazech:<br>\u2022 Internet Explorer &#8211; https:\/\/support.microsoft.com\/cs-cz\/help\/17442\/windows-internet-explorer-delete-manage-cookies<br>\u2022 Google Chrome &#8211; https:\/\/support.google.com\/chrome\/answer\/95647?co=GENIE.Platform%3DDesktop&amp;hl=cs<br>\u2022 Firefox &#8211; https:\/\/support.mozilla.org\/cs\/kb\/povoleni-zakazani-cookies<br>\u2022 Safari &#8211; https:\/\/support.apple.com\/cs-cz\/guide\/safari\/sfri11471\/mac<br>\u2022 Opera &#8211; https:\/\/help.opera.com\/cs\/latest\/security-and-privacy\/<br>\u2022 Microsoft Edge &#8211; https:\/\/docs.microsoft.com\/cs-cz\/sccm\/compliance\/deploy-use\/browser-profiles<br><br><strong>V. Va\u0161e pr\u00e1va v souvislosti se zpracov\u00e1n\u00edm osobn\u00edch \u00fadaj\u016f<\/strong><br>Na\u0159\u00edzen\u00ed GDPR v\u00e1m d\u00e1v\u00e1 mimo jin\u00e9 pr\u00e1vo obr\u00e1tit se na n\u00e1s a cht\u00edt informace, jak\u00e9 va\u0161e osobn\u00ed \u00fadaje zpracov\u00e1v\u00e1me, vy\u017e\u00e1dat si u n\u00e1s p\u0159\u00edstup k t\u011bmto \u00fadaj\u016fm a nechat je aktualizovat nebo opravit, pop\u0159\u00edpad\u011b po\u017eadovat omezen\u00ed zpracov\u00e1n\u00ed, m\u016f\u017eete po\u017eadovat kopii zpracov\u00e1van\u00fdch osobn\u00edch \u00fadaj\u016f, po\u017eadovat po n\u00e1s v ur\u010dit\u00fdch situac\u00edch v\u00fdmaz osobn\u00edch \u00fadaj\u016f a v ur\u010dit\u00fdch p\u0159\u00edpadech m\u00e1te pr\u00e1vo na jejich p\u0159enositelnost. Proti zpracov\u00e1n\u00ed na z\u00e1klad\u011b opr\u00e1vn\u011bn\u00e9ho z\u00e1jmu lze vzn\u00e9st n\u00e1mitku.<br><br>Pokud si mysl\u00edte, \u017ee s daty nenakl\u00e1d\u00e1me spr\u00e1vn\u011b, m\u00e1te pr\u00e1vo podat st\u00ed\u017enost u \u00da\u0159adu pro ochranu osobn\u00edch \u00fadaj\u016f, p\u0159\u00edpadn\u011b se se sv\u00fdmi n\u00e1roky obr\u00e1tit na soud.<br>Tyto podm\u00ednky jsou \u00fa\u010dinn\u00e9 od 5.2.2023<\/p>\n","protected":false},"excerpt":{"rendered":"<p>Jsme spole\u010dnost Drinkoteka s.r.o.I\u010cO 17677238 S\u00eddlo: Tluma\u010dovsk\u00e1 2766\/26a, 155 00, Praha \u2013 Stod\u016flkyinfo@drinkoteka.cztel. +420 774 643 078Provozujeme e-shop na webov\u00fdch str\u00e1nk\u00e1ch drinkoteka.cz Pro poskytov\u00e1n\u00ed na\u0161ich slu\u017eeb, prodej zbo\u017e\u00ed a provoz na\u0161ich webov\u00fdch str\u00e1nek zpracov\u00e1v\u00e1me n\u011bkter\u00e9 osobn\u00ed \u00fadaje.Zpracov\u00e1n\u00ed osobn\u00edch \u00fadaj\u016f upravuje zejm\u00e9na na\u0159\u00edzen\u00ed Evropsk\u00e9ho parlamentu a Rady (EU) 2016\/679 ze dne 27. dubna 2016 o ochran\u011b [&hellip;]<\/p>\n","protected":false},"author":1,"featured_media":0,"parent":0,"menu_order":0,"comment_status":"closed","ping_status":"closed","template":"","meta":{"_uag_custom_page_level_css":"","site-sidebar-layout":"default","site-content-layout":"","ast-site-content-layout":"default","site-content-style":"default","site-sidebar-style":"default","ast-global-header-display":"","ast-banner-title-visibility":"","ast-main-header-display":"","ast-hfb-above-header-display":"","ast-hfb-below-header-display":"","ast-hfb-mobile-header-display":"","site-post-title":"","ast-breadcrumbs-content":"","ast-featured-img":"","footer-sml-layout":"","ast-disable-related-posts":"","theme-transparent-header-meta":"","adv-header-id-meta":"","stick-header-meta":"","header-above-stick-meta":"","header-main-stick-meta":"","header-below-stick-meta":"","astra-migrate-meta-layouts":"set","ast-page-background-enabled":"default","ast-page-background-meta":{"desktop":{"background-color":"var(--ast-global-color-4)","background-image":"","background-repeat":"repeat","background-position":"center center","background-size":"auto","background-attachment":"scroll","background-type":"","background-media":"","overlay-type":"","overlay-color":"","overlay-opacity":"","overlay-gradient":""},"tablet":{"background-color":"","background-image":"","background-repeat":"repeat","background-position":"center center","background-size":"auto","background-attachment":"scroll","background-type":"","background-media":"","overlay-type":"","overlay-color":"","overlay-opacity":"","overlay-gradient":""},"mobile":{"background-color":"","background-image":"","background-repeat":"repeat","background-position":"center center","background-size":"auto","background-attachment":"scroll","background-type":"","background-media":"","overlay-type":"","overlay-color":"","overlay-opacity":"","overlay-gradient":""}},"ast-content-background-meta":{"desktop":{"background-color":"var(--ast-global-color-5)","background-image":"","background-repeat":"repeat","background-position":"center center","background-size":"auto","background-attachment":"scroll","background-type":"","background-media":"","overlay-type":"","overlay-color":"","overlay-opacity":"","overlay-gradient":""},"tablet":{"background-color":"var(--ast-global-color-5)","background-image":"","background-repeat":"repeat","background-position":"center center","background-size":"auto","background-attachment":"scroll","background-type":"","background-media":"","overlay-type":"","overlay-color":"","overlay-opacity":"","overlay-gradient":""},"mobile":{"background-color":"var(--ast-global-color-5)","background-image":"","background-repeat":"repeat","background-position":"center center","background-size":"auto","background-attachment":"scroll","background-type":"","background-media":"","overlay-type":"","overlay-color":"","overlay-opacity":"","overlay-gradient":""}},"footnotes":""},"class_list":["post-1800","page","type-page","status-publish","hentry"],"uagb_featured_image_src":{"full":false,"thumbnail":false,"medium":false,"medium_large":false,"large":false,"1536x1536":false,"2048x2048":false,"woocommerce_thumbnail":false,"woocommerce_single":false,"woocommerce_gallery_thumbnail":false,"dgwt-wcas-product-suggestion":false},"uagb_author_info":{"display_name":"admin","author_link":"https:\/\/drinkoteka.cz\/obchod\/author\/admin\/"},"uagb_comment_info":0,"uagb_excerpt":"Jsme spole\u010dnost Drinkoteka s.r.o.I\u010cO 17677238 S\u00eddlo: Tluma\u010dovsk\u00e1 2766\/26a, 155 00, Praha \u2013 Stod\u016flkyinfo@drinkoteka.cztel. +420 774 643 078Provozujeme e-shop na webov\u00fdch str\u00e1nk\u00e1ch drinkoteka.cz Pro poskytov\u00e1n\u00ed na\u0161ich slu\u017eeb, prodej zbo\u017e\u00ed a provoz na\u0161ich webov\u00fdch str\u00e1nek zpracov\u00e1v\u00e1me n\u011bkter\u00e9 osobn\u00ed \u00fadaje.Zpracov\u00e1n\u00ed osobn\u00edch \u00fadaj\u016f upravuje zejm\u00e9na na\u0159\u00edzen\u00ed Evropsk\u00e9ho parlamentu a Rady (EU) 2016\/679 ze dne 27. dubna 2016 o ochran\u011b&hellip;","_links":{"self":[{"href":"https:\/\/drinkoteka.cz\/obchod\/wp-json\/wp\/v2\/pages\/1800","targetHints":{"allow":["GET"]}}],"collection":[{"href":"https:\/\/drinkoteka.cz\/obchod\/wp-json\/wp\/v2\/pages"}],"about":[{"href":"https:\/\/drinkoteka.cz\/obchod\/wp-json\/wp\/v2\/types\/page"}],"author":[{"embeddable":true,"href":"https:\/\/drinkoteka.cz\/obchod\/wp-json\/wp\/v2\/users\/1"}],"replies":[{"embeddable":true,"href":"https:\/\/drinkoteka.cz\/obchod\/wp-json\/wp\/v2\/comments?post=1800"}],"version-history":[{"count":0,"href":"https:\/\/drinkoteka.cz\/obchod\/wp-json\/wp\/v2\/pages\/1800\/revisions"}],"wp:attachment":[{"href":"https:\/\/drinkoteka.cz\/obchod\/wp-json\/wp\/v2\/media?parent=1800"}],"curies":[{"name":"wp","href":"https:\/\/api.w.org\/{rel}","templated":true}]}}